{"id":859,"date":"2024-07-25T11:09:07","date_gmt":"2024-07-25T11:09:07","guid":{"rendered":"https:\/\/avmw.ats-test.co.uk\/?page_id=859"},"modified":"2025-04-23T11:07:27","modified_gmt":"2025-04-23T11:07:27","slug":"legal-notice","status":"publish","type":"page","link":"https:\/\/vulnerablemission.org\/de\/legal-notice\/","title":{"rendered":"Impressum"},"content":{"rendered":"<h2 class=\"wp-block-heading has-large-plus-font-size\">Impressum<\/h2>\n\n\n\n<p>Allianz f\u00fcr Verletzliche Mission e. V.<br>Heynathsstr. 7<br>01309 Dresden<\/p>\n\n\n\n<p><strong>Vertreten durch<\/strong>:<br>Dr. Marcus Grohmann (Vorsitzender)<br>Deborah Bernhard (Stellvertretende Vorsitzende)<br>Maria Richter (Schriftf\u00fchrerin)<\/p>\n\n\n\n<p><strong>Angaben zum Registereintrag:<\/strong>:<br>Eingetragen im Vereinsregister Dresden unter der Nr. 14892.<\/p>\n\n\n\n<p><strong>Gemeinn\u00fctzigkeit:<\/strong><br>Gemeinn\u00fctzig laut Freistellungsbescheid des Finanzamtes Dresden vom 24. Januar 2025.<\/p>\n\n\n\n<p><strong>Kontakt<\/strong>:<br>Telefon: +27 81 586 1484<br>E-Mail: info@vulnerablemission.org<\/p>\n\n\n\n<p><strong>Editor:<\/strong><br>Marcus Grohmann<br>Bahnhofstr. 9<br>01468 Moritzburg<\/p>\n\n\n\n<h4 class=\"wp-block-heading has-x-large-font-size\">Verweise und Links<\/h4>\n\n\n\n<p>Die Allianz f\u00fcr Verletzliche Mission (AVM) ist nicht verantwortlich f\u00fcr Inhalte, auf die von diesen Seiten aus verwiesen wird. F\u00fcr die Inhalte der verlinkten Seiten ist stets der jeweilige Anbieter oder Betreiber der Seiten verantwortlich, nicht derjenige, der \u00fcber Links auf die jeweilige Ver\u00f6ffentlichung verweist.<\/p>\n\n\n\n<h4 class=\"wp-block-heading has-x-large-font-size\">Verbraucher\u00adstreit\u00adbeilegung \/ Universal\u00adschlichtungs\u00adstelle<\/h4>\n\n\n\n<p>Wir sind nicht bereit oder verpflichtet, an Streitbeilegungsverfahren vor einer Verbraucherschlichtungsstelle teilzunehmen.<\/p>","protected":false},"excerpt":{"rendered":"<p>Legal notice Allianz f\u00fcr Verletzliche Mission e. V.Heynathsstr. 701309 Dresden, GERMANY Represented by:Dr. Marcus Grohmann (Director)Deborah Bernhard (Deputy Director)Maria Richter (Secretary) Information on Register Entry:Registered under Association Register Number 14892 by the local court in Dresden. Non-Profit Status:Non-profit according to the exemption certificate issued by the Dresden tax office on 24 January 2025. Contact:Phone: +27 [&hellip;]<\/p>\n","protected":false},"author":1,"featured_media":0,"parent":0,"menu_order":0,"comment_status":"closed","ping_status":"closed","template":"","meta":{"give_campaign_id":0,"_themeisle_gutenberg_block_has_review":false,"footnotes":""},"class_list":["post-859","page","type-page","status-publish","hentry"],"aioseo_notices":[],"campaignId":"","jetpack_sharing_enabled":true,"_links":{"self":[{"href":"https:\/\/vulnerablemission.org\/de\/wp-json\/wp\/v2\/pages\/859","targetHints":{"allow":["GET"]}}],"collection":[{"href":"https:\/\/vulnerablemission.org\/de\/wp-json\/wp\/v2\/pages"}],"about":[{"href":"https:\/\/vulnerablemission.org\/de\/wp-json\/wp\/v2\/types\/page"}],"author":[{"embeddable":true,"href":"https:\/\/vulnerablemission.org\/de\/wp-json\/wp\/v2\/users\/1"}],"replies":[{"embeddable":true,"href":"https:\/\/vulnerablemission.org\/de\/wp-json\/wp\/v2\/comments?post=859"}],"version-history":[{"count":10,"href":"https:\/\/vulnerablemission.org\/de\/wp-json\/wp\/v2\/pages\/859\/revisions"}],"predecessor-version":[{"id":2701,"href":"https:\/\/vulnerablemission.org\/de\/wp-json\/wp\/v2\/pages\/859\/revisions\/2701"}],"wp:attachment":[{"href":"https:\/\/vulnerablemission.org\/de\/wp-json\/wp\/v2\/media?parent=859"}],"curies":[{"name":"wp","href":"https:\/\/api.w.org\/{rel}","templated":true}]}}