{"id":83,"date":"2020-10-07T14:59:26","date_gmt":"2020-10-07T14:59:26","guid":{"rendered":"http:\/\/avmw.ats-test.co.uk\/?page_id=83"},"modified":"2026-02-27T20:32:40","modified_gmt":"2026-02-27T20:32:40","slug":"home","status":"publish","type":"page","link":"https:\/\/vulnerablemission.org\/de\/","title":{"rendered":"Home Page"},"content":{"rendered":"<div id=\"wp-block-themeisle-blocks-advanced-columns-88357565\" class=\"wp-block-themeisle-blocks-advanced-columns alignfull has-2-columns has-desktop-equal-layout has-tablet-equal-layout has-mobile-collapsedRows-layout has-vertical-center ticss-c00aadba\"><div class=\"wp-block-themeisle-blocks-advanced-columns-overlay\"><\/div><div class=\"innerblocks-wrap\">\n<div id=\"wp-block-themeisle-blocks-advanced-column-ccb43057\" class=\"wp-block-themeisle-blocks-advanced-column\">\n<p id=\"wp-block-themeisle-blocks-advanced-heading-fa0dd853\" class=\"wp-block-themeisle-blocks-advanced-heading wp-block-themeisle-blocks-advanced-heading-fa0dd853\">\u201eMit Verletzlicher Mission ist man nach den Ma\u00dfst\u00e4ben finanzstarker Projekte oft nicht erfolgreich. Doch gerade dieses 'Scheitern' f\u00fchrt zu einer tieferen, dauerhaften Transformation, da man Verschiedenheit ergr\u00fcndet und mit Menschen einen Weg geht, w\u00e4hrend sie ihre eigene Agenda verfolgen.\u201c<\/p>\n\n\n\n<p id=\"wp-block-themeisle-blocks-advanced-heading-37339a78\" class=\"wp-block-themeisle-blocks-advanced-heading wp-block-themeisle-blocks-advanced-heading-37339a78\"><strong>Jim Harries, Gr\u00fcnder der Allianz f\u00fcr Verletzliche Mission<\/strong><\/p>\n<\/div>\n\n\n\n<div id=\"wp-block-themeisle-blocks-advanced-column-65377dfd\" class=\"wp-block-themeisle-blocks-advanced-column\">\n<figure class=\"wp-block-image aligncenter size-large is-resized is-style-rounded\"><img decoding=\"async\" src=\"https:\/\/vulnerablemission.org\/wp-content\/uploads\/2024\/09\/Dr.-Jim-Harriesjpg-2-edited.jpg\" alt=\"Dr Jim Harries\" style=\"width:270px;height:271px\"\/><\/figure>\n<\/div>\n<\/div><\/div>\n\n\n\n<hr class=\"wp-block-separator has-alpha-channel-opacity\"\/>\n\n\n\n<div id=\"wp-block-themeisle-blocks-advanced-columns-1afa0976\" class=\"wp-block-themeisle-blocks-advanced-columns alignfull has-2-columns has-desktop-equal-layout has-tablet-equal-layout has-mobile-collapsedRows-layout has-vertical-center sm-separator has-light-bg\"><div class=\"wp-block-themeisle-blocks-advanced-columns-overlay\"><\/div><div class=\"innerblocks-wrap\">\n<div id=\"wp-block-themeisle-blocks-advanced-column-4efd4381\" class=\"wp-block-themeisle-blocks-advanced-column\">\n<figure class=\"wp-block-embed is-type-video is-provider-youtube wp-block-embed-youtube wp-embed-aspect-16-9 wp-has-aspect-ratio\"><div class=\"wp-block-embed__wrapper\">\n<iframe loading=\"lazy\" title=\"Was bedeutet Verletzliche Mission? (in Englisch)\" width=\"500\" height=\"281\" src=\"https:\/\/www.youtube.com\/embed\/BG73DCyFgIA?feature=oembed\" frameborder=\"0\" allow=\"accelerometer; autoplay; clipboard-write; encrypted-media; gyroscope; picture-in-picture; web-share\" referrerpolicy=\"strict-origin-when-cross-origin\" allowfullscreen><\/iframe>\n<\/div><\/figure>\n<\/div>\n\n\n\n<div id=\"wp-block-themeisle-blocks-advanced-column-6c2514ca\" class=\"wp-block-themeisle-blocks-advanced-column\">\n<h3 class=\"wp-block-heading has-x-large-font-size\">Was bedeutet Verletzliche Mission? (in Englisch)<\/h3>\n\n\n\n<hr class=\"wp-block-separator has-text-color has-alpha-channel-opacity has-background is-style-wide\" style=\"background-color:#1f2025;color:#1f2025\"\/>\n\n\n\n<h4 class=\"wp-block-heading has-large-font-size\">Dr. Daniel Albert<\/h4>\n\n\n\n<p>Mitglied des Erweiterten Vorstands der AVM<\/p>\n<\/div>\n<\/div><\/div>\n\n\n\n<div id=\"wp-block-themeisle-blocks-advanced-columns-944204c2\" class=\"wp-block-themeisle-blocks-advanced-columns alignfull has-2-columns has-desktop-equal-layout has-tablet-equal-layout has-mobile-collapsedRows-layout has-vertical-center sm-separator has-light-bg\"><div class=\"wp-block-themeisle-blocks-advanced-columns-overlay\"><\/div><div class=\"innerblocks-wrap\">\n<div id=\"wp-block-themeisle-blocks-advanced-column-468b0c24\" class=\"wp-block-themeisle-blocks-advanced-column\">\n<h3 class=\"wp-block-heading has-x-large-font-size\">Verletzliche Mission praktisch (in Englisch)<\/h3>\n\n\n\n<hr class=\"wp-block-separator has-text-color has-alpha-channel-opacity has-background is-style-wide\" style=\"background-color:#1f2025;color:#1f2025\"\/>\n\n\n\n<h4 class=\"wp-block-heading has-large-font-size\">Deborah Bernhard<\/h4>\n\n\n\n<p>Stellvertretende Vorsitzende, AVM<\/p>\n<\/div>\n\n\n\n<div id=\"wp-block-themeisle-blocks-advanced-column-fd7438c0\" class=\"wp-block-themeisle-blocks-advanced-column\">\n<figure class=\"wp-block-embed is-type-video is-provider-youtube wp-block-embed-youtube wp-embed-aspect-16-9 wp-has-aspect-ratio\"><div class=\"wp-block-embed__wrapper\">\n<iframe loading=\"lazy\" title=\"Vulnerable Mission in Action\" width=\"500\" height=\"281\" src=\"https:\/\/www.youtube.com\/embed\/J8H-RkdjdUA?feature=oembed\" frameborder=\"0\" allow=\"accelerometer; autoplay; clipboard-write; encrypted-media; gyroscope; picture-in-picture; web-share\" referrerpolicy=\"strict-origin-when-cross-origin\" allowfullscreen><\/iframe>\n<\/div><\/figure>\n<\/div>\n<\/div><\/div>\n\n\n\n<div id=\"wp-block-themeisle-blocks-advanced-columns-dab8714d\" class=\"wp-block-themeisle-blocks-advanced-columns alignfull has-2-columns has-desktop-equal-layout has-tablet-equal-layout has-mobile-collapsedRows-layout has-vertical-center sm-separator has-light-bg\"><div class=\"wp-block-themeisle-blocks-advanced-columns-overlay\"><\/div><div class=\"innerblocks-wrap\">\n<div id=\"wp-block-themeisle-blocks-advanced-column-cc2d076a\" class=\"wp-block-themeisle-blocks-advanced-column\">\n<figure class=\"wp-block-embed is-type-video is-provider-youtube wp-block-embed-youtube wp-embed-aspect-16-9 wp-has-aspect-ratio\"><div class=\"wp-block-embed__wrapper\">\n<iframe loading=\"lazy\" title=\"\u00dcber Chancen, Anforderungen und Grenzen Verletzlicher Mission: Ein Praktiker erz\u00e4hlt\" width=\"500\" height=\"281\" src=\"https:\/\/www.youtube.com\/embed\/1WZsSDCbrI0?feature=oembed\" frameborder=\"0\" allow=\"accelerometer; autoplay; clipboard-write; encrypted-media; gyroscope; picture-in-picture; web-share\" referrerpolicy=\"strict-origin-when-cross-origin\" allowfullscreen><\/iframe>\n<\/div><\/figure>\n<\/div>\n\n\n\n<div id=\"wp-block-themeisle-blocks-advanced-column-3366b9b6\" class=\"wp-block-themeisle-blocks-advanced-column\">\n<h3 class=\"wp-block-heading has-x-large-font-size\">Die Perspektiven eines Praktikers auf Verletzliche Mission <\/h3>\n\n\n\n<hr class=\"wp-block-separator has-text-color has-alpha-channel-opacity has-background is-style-wide\" style=\"background-color:#1f2025;color:#1f2025\"\/>\n\n\n\n<h4 class=\"wp-block-heading has-large-font-size\">Frank Paul<\/h4>\n\n\n\n<p>Mitglied des Beirats der AVM<\/p>\n<\/div>\n<\/div><\/div>\n\n\n\n<hr class=\"wp-block-separator has-alpha-channel-opacity\"\/>\n\n\n\n<div id=\"wp-block-themeisle-blocks-advanced-columns-ca4673df\" class=\"wp-block-themeisle-blocks-advanced-columns has-1-columns has-desktop-equal-layout has-tablet-equal-layout has-mobile-equal-layout has-vertical-unset\"><div class=\"wp-block-themeisle-blocks-advanced-columns-overlay\"><\/div><div class=\"innerblocks-wrap\">\n<div id=\"wp-block-themeisle-blocks-advanced-column-8f180997\" class=\"wp-block-themeisle-blocks-advanced-column\">\n<h3 id=\"wp-block-themeisle-blocks-advanced-heading-b4a6a995\" class=\"wp-block-themeisle-blocks-advanced-heading wp-block-themeisle-blocks-advanced-heading-b4a6a995 is-style-boxed\">Aktuelles<\/h3>\n\n\n<div class=\"is-style-boxed wp-block-themeisle-blocks-posts-grid\" id=\"wp-block-themeisle-blocks-posts-grid-b33c58e2\"><div class=\"is-grid o-posts-grid-columns-3\"><div class=\"o-posts-grid-post-blog o-posts-grid-post-plain\"><div class=\"o-posts-grid-post\"><div class=\"o-posts-grid-post-image\"><a href=\"https:\/\/vulnerablemission.org\/de\/webinar-when-the-change\/\"><img loading=\"lazy\" decoding=\"async\" width=\"1919\" height=\"1079\" src=\"https:\/\/vulnerablemission.org\/wp-content\/uploads\/2025\/10\/Screenshot-2025-10-29-133109.png\" class=\"attachment-full size-full\" alt=\"Relinquishing control while serving in Thailand (Webinar recording)\" srcset=\"https:\/\/vulnerablemission.org\/wp-content\/uploads\/2025\/10\/Screenshot-2025-10-29-133109.png 1919w, https:\/\/vulnerablemission.org\/wp-content\/uploads\/2025\/10\/Screenshot-2025-10-29-133109-300x169.png 300w, https:\/\/vulnerablemission.org\/wp-content\/uploads\/2025\/10\/Screenshot-2025-10-29-133109-1024x576.png 1024w, https:\/\/vulnerablemission.org\/wp-content\/uploads\/2025\/10\/Screenshot-2025-10-29-133109-768x432.png 768w, https:\/\/vulnerablemission.org\/wp-content\/uploads\/2025\/10\/Screenshot-2025-10-29-133109-1536x864.png 1536w, https:\/\/vulnerablemission.org\/wp-content\/uploads\/2025\/10\/Screenshot-2025-10-29-133109-18x10.png 18w\" sizes=\"(max-width: 1919px) 100vw, 1919px\" \/><\/a><\/div><div class=\"o-posts-grid-post-body\"><h4 class=\"o-posts-grid-post-title\"><a href=\"https:\/\/vulnerablemission.org\/de\/webinar-when-the-change\/\">Im Dienst in Thailand nicht an Kontrolle festhalten (Webinar-Aufzeichnung)<\/a><\/h4><\/div><\/div><\/div><div class=\"o-posts-grid-post-blog o-posts-grid-post-plain\"><div class=\"o-posts-grid-post\"><div class=\"o-posts-grid-post-image\"><a href=\"https:\/\/vulnerablemission.org\/de\/review-decolonizing-mission\/\"><img loading=\"lazy\" decoding=\"async\" width=\"1903\" height=\"1075\" src=\"https:\/\/vulnerablemission.org\/wp-content\/uploads\/2025\/11\/Screenshot-2025-11-30-204948.png\" class=\"attachment-full size-full\" alt=\"Review &#8220;Decolonizing Mission&#8221;\" srcset=\"https:\/\/vulnerablemission.org\/wp-content\/uploads\/2025\/11\/Screenshot-2025-11-30-204948.png 1903w, https:\/\/vulnerablemission.org\/wp-content\/uploads\/2025\/11\/Screenshot-2025-11-30-204948-300x169.png 300w, https:\/\/vulnerablemission.org\/wp-content\/uploads\/2025\/11\/Screenshot-2025-11-30-204948-1024x578.png 1024w, https:\/\/vulnerablemission.org\/wp-content\/uploads\/2025\/11\/Screenshot-2025-11-30-204948-768x434.png 768w, https:\/\/vulnerablemission.org\/wp-content\/uploads\/2025\/11\/Screenshot-2025-11-30-204948-1536x868.png 1536w, https:\/\/vulnerablemission.org\/wp-content\/uploads\/2025\/11\/Screenshot-2025-11-30-204948-18x10.png 18w\" sizes=\"(max-width: 1903px) 100vw, 1903px\" \/><\/a><\/div><div class=\"o-posts-grid-post-body\"><h4 class=\"o-posts-grid-post-title\"><a href=\"https:\/\/vulnerablemission.org\/de\/review-decolonizing-mission\/\">Rezension \u201cDecolonizing Mission\u201d<\/a><\/h4><\/div><\/div><\/div><div class=\"o-posts-grid-post-blog o-posts-grid-post-plain\"><div class=\"o-posts-grid-post\"><div class=\"o-posts-grid-post-image\"><a href=\"https:\/\/vulnerablemission.org\/de\/religion\/\"><img loading=\"lazy\" decoding=\"async\" width=\"1919\" height=\"1079\" src=\"https:\/\/vulnerablemission.org\/wp-content\/uploads\/2025\/08\/3_Claire-Chong.png\" class=\"attachment-full size-full\" alt=\"Webinar recording: Is Religion a Western Idea?\" srcset=\"https:\/\/vulnerablemission.org\/wp-content\/uploads\/2025\/08\/3_Claire-Chong.png 1919w, https:\/\/vulnerablemission.org\/wp-content\/uploads\/2025\/08\/3_Claire-Chong-300x169.png 300w, https:\/\/vulnerablemission.org\/wp-content\/uploads\/2025\/08\/3_Claire-Chong-1024x576.png 1024w, https:\/\/vulnerablemission.org\/wp-content\/uploads\/2025\/08\/3_Claire-Chong-768x432.png 768w, https:\/\/vulnerablemission.org\/wp-content\/uploads\/2025\/08\/3_Claire-Chong-1536x864.png 1536w, https:\/\/vulnerablemission.org\/wp-content\/uploads\/2025\/08\/3_Claire-Chong-18x10.png 18w\" sizes=\"(max-width: 1919px) 100vw, 1919px\" \/><\/a><\/div><div class=\"o-posts-grid-post-body\"><h4 class=\"o-posts-grid-post-title\"><a href=\"https:\/\/vulnerablemission.org\/de\/religion\/\">Webinar recording: Is Religion a Western Idea?<\/a><\/h4><\/div><\/div><\/div><\/div> <\/div>\n\n\n<h3 id=\"wp-block-themeisle-blocks-advanced-heading-3f2c6936\" class=\"wp-block-themeisle-blocks-advanced-heading wp-block-themeisle-blocks-advanced-heading-3f2c6936 is-style-boxed\">Anstehende Veranstaltungen<\/h3>\n\n\n<div class=\"is-style-boxed wp-block-themeisle-blocks-posts-grid\" id=\"wp-block-themeisle-blocks-posts-grid-45824a16\"><div class=\"is-grid o-posts-grid-columns-3\"><div class=\"o-posts-grid-post-blog o-posts-grid-post-plain\"><div class=\"o-posts-grid-post\"><div class=\"o-posts-grid-post-image\"><a href=\"https:\/\/vulnerablemission.org\/de\/webinar-cultural-imperialism\/\"><img loading=\"lazy\" decoding=\"async\" width=\"1919\" height=\"1079\" src=\"https:\/\/vulnerablemission.org\/wp-content\/uploads\/2025\/12\/Webinar-2026-07-1.png\" class=\"attachment-full size-full\" alt=\"Webinar: Cultural imperialism and the new believer (9 Jul 2026)\" srcset=\"https:\/\/vulnerablemission.org\/wp-content\/uploads\/2025\/12\/Webinar-2026-07-1.png 1919w, https:\/\/vulnerablemission.org\/wp-content\/uploads\/2025\/12\/Webinar-2026-07-1-300x169.png 300w, https:\/\/vulnerablemission.org\/wp-content\/uploads\/2025\/12\/Webinar-2026-07-1-1024x576.png 1024w, https:\/\/vulnerablemission.org\/wp-content\/uploads\/2025\/12\/Webinar-2026-07-1-768x432.png 768w, https:\/\/vulnerablemission.org\/wp-content\/uploads\/2025\/12\/Webinar-2026-07-1-1536x864.png 1536w, https:\/\/vulnerablemission.org\/wp-content\/uploads\/2025\/12\/Webinar-2026-07-1-18x10.png 18w\" sizes=\"(max-width: 1919px) 100vw, 1919px\" \/><\/a><\/div><div class=\"o-posts-grid-post-body\"><h4 class=\"o-posts-grid-post-title\"><a href=\"https:\/\/vulnerablemission.org\/de\/webinar-cultural-imperialism\/\">Webinar: Cultural imperialism and the new believer (9 Jul 2026)<\/a><\/h4><\/div><\/div><\/div><div class=\"o-posts-grid-post-blog o-posts-grid-post-plain\"><div class=\"o-posts-grid-post\"><div class=\"o-posts-grid-post-image\"><a href=\"https:\/\/vulnerablemission.org\/de\/webinar-alongsiders\/\"><img loading=\"lazy\" decoding=\"async\" width=\"1918\" height=\"1075\" src=\"https:\/\/vulnerablemission.org\/wp-content\/uploads\/2025\/12\/Webinar-2026-10.png\" class=\"attachment-full size-full\" alt=\"Webinar: Serving as Alongsiders in the Muslim World (15th Oct 2026)\" srcset=\"https:\/\/vulnerablemission.org\/wp-content\/uploads\/2025\/12\/Webinar-2026-10.png 1918w, https:\/\/vulnerablemission.org\/wp-content\/uploads\/2025\/12\/Webinar-2026-10-300x168.png 300w, https:\/\/vulnerablemission.org\/wp-content\/uploads\/2025\/12\/Webinar-2026-10-1024x574.png 1024w, https:\/\/vulnerablemission.org\/wp-content\/uploads\/2025\/12\/Webinar-2026-10-768x430.png 768w, https:\/\/vulnerablemission.org\/wp-content\/uploads\/2025\/12\/Webinar-2026-10-1536x861.png 1536w, https:\/\/vulnerablemission.org\/wp-content\/uploads\/2025\/12\/Webinar-2026-10-18x10.png 18w\" sizes=\"(max-width: 1918px) 100vw, 1918px\" \/><\/a><\/div><div class=\"o-posts-grid-post-body\"><h4 class=\"o-posts-grid-post-title\"><a href=\"https:\/\/vulnerablemission.org\/de\/webinar-alongsiders\/\">Webinar: Serving as Alongsiders in the Muslim World (15th Oct 2026)<\/a><\/h4><\/div><\/div><\/div><\/div> <\/div><\/div>\n<\/div><\/div>\n\n\n\n<hr class=\"wp-block-separator has-alpha-channel-opacity\"\/>\n\n\n\n<section id=\"wp-block-themeisle-blocks-advanced-columns-335a2f03\" class=\"wp-block-themeisle-blocks-advanced-columns alignfull has-1-columns has-desktop-equal-layout has-tablet-equal-layout has-mobile-equal-layout has-vertical-flex-start\"><div class=\"wp-block-themeisle-blocks-advanced-columns-overlay\"><\/div><div class=\"innerblocks-wrap\">\n<div id=\"wp-block-themeisle-blocks-advanced-column-5d90343f\" class=\"wp-block-themeisle-blocks-advanced-column\">\n<section id=\"wp-block-themeisle-blocks-advanced-columns-b2ead1d6\" class=\"wp-block-themeisle-blocks-advanced-columns has-2-columns has-desktop-equal-layout has-tablet-equal-layout has-mobile-collapsedRows-layout has-vertical-center\"><div class=\"wp-block-themeisle-blocks-advanced-columns-overlay\"><\/div><div class=\"innerblocks-wrap\">\n<div id=\"wp-block-themeisle-blocks-advanced-column-7c705a1c\" class=\"wp-block-themeisle-blocks-advanced-column\">\n<h3 id=\"wp-block-themeisle-blocks-advanced-heading-7bffb0dd\" class=\"wp-block-themeisle-blocks-advanced-heading wp-block-themeisle-blocks-advanced-heading-7bffb0dd\">Monatliches <a href=\"https:\/\/avmw.ats-test.co.uk\/resources\/bulletin\/\" title=\"AVM Bulletin\">AVM Bulletin<\/a><\/h3>\n\n\n\n<p class=\"ticss-f24514ad translation-block\">Wir verschicken monatlich eine E-Mail mit Nachrichten, Veranstaltungshinweisen, Artikeln und anderen Ressourcen zum Thema <em>Verletzliche Mission<\/em>.<\/p>\n\n\n\n                <div class=\"ml-embedded\" data-form=\"BIEgV6\"><\/div>\n            \n<\/div>\n\n\n\n<div id=\"wp-block-themeisle-blocks-advanced-column-5f9a9ec0\" class=\"wp-block-themeisle-blocks-advanced-column\">\n<figure class=\"wp-block-image aligncenter size-full\"><a href=\"https:\/\/mailchi.mp\/aab7233bfa99\/avm-bulletin-current-edition-10983103?e=e6881fd290\" target=\"_blank\" rel=\" noreferrer noopener\"><img loading=\"lazy\" decoding=\"async\" width=\"597\" height=\"858\" src=\"https:\/\/vulnerablemission.org\/wp-content\/uploads\/2026\/02\/Screenshot-2026-02-17-170448.png\" alt=\"\" class=\"wp-image-3068\" srcset=\"https:\/\/vulnerablemission.org\/wp-content\/uploads\/2026\/02\/Screenshot-2026-02-17-170448.png 597w, https:\/\/vulnerablemission.org\/wp-content\/uploads\/2026\/02\/Screenshot-2026-02-17-170448-209x300.png 209w, https:\/\/vulnerablemission.org\/wp-content\/uploads\/2026\/02\/Screenshot-2026-02-17-170448-8x12.png 8w\" sizes=\"(max-width: 597px) 100vw, 597px\" \/><\/a><\/figure>\n<\/div>\n<\/div><\/section>\n<\/div>\n<\/div><\/section>\n\n\n\n<hr class=\"wp-block-separator has-alpha-channel-opacity\"\/>\n\n\n\n<h3 class=\"wp-block-heading has-x-large-font-size\">Anderes Material<\/h3>\n\n\n\n<div id=\"wp-block-themeisle-blocks-advanced-columns-a5cb075b\" class=\"wp-block-themeisle-blocks-advanced-columns has-2-columns has-desktop-equal-layout has-tablet-equal-layout has-mobile-collapsedRows-layout has-vertical-unset\"><div class=\"wp-block-themeisle-blocks-advanced-columns-overlay\"><\/div><div class=\"innerblocks-wrap\">\n<div id=\"wp-block-themeisle-blocks-advanced-column-57f61d0c\" class=\"wp-block-themeisle-blocks-advanced-column\">\n<h4 class=\"wp-block-heading has-large-font-size\">Webinare<\/h4>\n\n\n\n<div class=\"wp-block-media-text has-media-on-the-right is-stacked-on-mobile\"><div class=\"wp-block-media-text__content\">\n<p class=\"ticss-4072a1c0\">Viermal im Jahr veranstalten wir Webinare zum Thema Verletzliche Mission. <em>Verletzliche Mission<\/em>.<\/p>\n\n\n\n<div class=\"wp-block-buttons is-layout-flex wp-block-buttons-is-layout-flex\">\n<div class=\"wp-block-button is-style-fill\"><a class=\"wp-block-button__link wp-element-button\" href=\"https:\/\/vulnerablemission.org\/de\/resources\/past-webinars\/\">Webinar-Aufzeichnungen<\/a><\/div>\n<\/div>\n<\/div><figure class=\"wp-block-media-text__media\"><img loading=\"lazy\" decoding=\"async\" width=\"640\" height=\"615\" src=\"https:\/\/vulnerablemission.org\/wp-content\/uploads\/2024\/08\/webinars-online-meeting-6719379_640.png\" alt=\"\" class=\"wp-image-1072 size-full\" srcset=\"https:\/\/vulnerablemission.org\/wp-content\/uploads\/2024\/08\/webinars-online-meeting-6719379_640.png 640w, https:\/\/vulnerablemission.org\/wp-content\/uploads\/2024\/08\/webinars-online-meeting-6719379_640-300x288.png 300w, https:\/\/vulnerablemission.org\/wp-content\/uploads\/2024\/08\/webinars-online-meeting-6719379_640-12x12.png 12w\" sizes=\"(max-width: 640px) 100vw, 640px\" \/><\/figure><\/div>\n<\/div>\n\n\n\n<div id=\"wp-block-themeisle-blocks-advanced-column-5ce71879\" class=\"wp-block-themeisle-blocks-advanced-column\">\n<h4 class=\"wp-block-heading has-large-font-size\">Artikel und B\u00fccher<\/h4>\n\n\n\n<div class=\"wp-block-media-text has-media-on-the-right is-stacked-on-mobile\"><div class=\"wp-block-media-text__content\">\n<p class=\"ticss-31b27483\">Hier finden Sie eine Liste mit Artikeln und B\u00fcchern an, welche Verletzlichkeit im missionarischen\/missionalen interkulturellen Dienst erkl\u00e4ren und unterst\u00fctzen.<\/p>\n\n\n\n<div class=\"wp-block-buttons is-layout-flex wp-block-buttons-is-layout-flex\">\n<div class=\"wp-block-button is-style-fill\"><a class=\"wp-block-button__link wp-element-button\" href=\"https:\/\/vulnerablemission.org\/de\/resources\/articles-and-books\/\">Artikel und B\u00fccher<\/a><\/div>\n<\/div>\n<\/div><figure class=\"wp-block-media-text__media\"><img loading=\"lazy\" decoding=\"async\" width=\"774\" height=\"629\" src=\"https:\/\/vulnerablemission.org\/wp-content\/uploads\/2025\/05\/VM-publications.png\" alt=\"\" class=\"wp-image-2784 size-full\" srcset=\"https:\/\/vulnerablemission.org\/wp-content\/uploads\/2025\/05\/VM-publications.png 774w, https:\/\/vulnerablemission.org\/wp-content\/uploads\/2025\/05\/VM-publications-300x244.png 300w, https:\/\/vulnerablemission.org\/wp-content\/uploads\/2025\/05\/VM-publications-768x624.png 768w, https:\/\/vulnerablemission.org\/wp-content\/uploads\/2025\/05\/VM-publications-15x12.png 15w\" sizes=\"(max-width: 774px) 100vw, 774px\" \/><\/figure><\/div>\n<\/div>\n<\/div><\/div>\n\n\n\n<p><\/p>","protected":false},"excerpt":{"rendered":"<p>Anderes Material<\/p>","protected":false},"author":1,"featured_media":0,"parent":0,"menu_order":0,"comment_status":"closed","ping_status":"closed","template":"wp-custom-template-home-page","meta":{"give_campaign_id":0,"_themeisle_gutenberg_block_has_review":false,"footnotes":""},"class_list":["post-83","page","type-page","status-publish","hentry"],"aioseo_notices":[],"campaignId":"","jetpack_sharing_enabled":true,"_links":{"self":[{"href":"https:\/\/vulnerablemission.org\/de\/wp-json\/wp\/v2\/pages\/83","targetHints":{"allow":["GET"]}}],"collection":[{"href":"https:\/\/vulnerablemission.org\/de\/wp-json\/wp\/v2\/pages"}],"about":[{"href":"https:\/\/vulnerablemission.org\/de\/wp-json\/wp\/v2\/types\/page"}],"author":[{"embeddable":true,"href":"https:\/\/vulnerablemission.org\/de\/wp-json\/wp\/v2\/users\/1"}],"replies":[{"embeddable":true,"href":"https:\/\/vulnerablemission.org\/de\/wp-json\/wp\/v2\/comments?post=83"}],"version-history":[{"count":9,"href":"https:\/\/vulnerablemission.org\/de\/wp-json\/wp\/v2\/pages\/83\/revisions"}],"predecessor-version":[{"id":3083,"href":"https:\/\/vulnerablemission.org\/de\/wp-json\/wp\/v2\/pages\/83\/revisions\/3083"}],"wp:attachment":[{"href":"https:\/\/vulnerablemission.org\/de\/wp-json\/wp\/v2\/media?parent=83"}],"curies":[{"name":"wp","href":"https:\/\/api.w.org\/{rel}","templated":true}]}}