{"id":820,"date":"2024-07-22T15:41:28","date_gmt":"2024-07-22T15:41:28","guid":{"rendered":"https:\/\/avmw.ats-test.co.uk\/?page_id=820"},"modified":"2026-03-23T06:48:00","modified_gmt":"2026-03-23T06:48:00","slug":"support","status":"publish","type":"page","link":"https:\/\/vulnerablemission.org\/de\/support\/","title":{"rendered":"Unterst\u00fctzen"},"content":{"rendered":"<div id=\"wp-block-themeisle-blocks-advanced-columns-5c562bcb\" class=\"wp-block-themeisle-blocks-advanced-columns has-2-columns has-desktop-twoOne-layout has-tablet-equal-layout has-mobile-collapsedRows-layout has-vertical-unset\"><div class=\"wp-block-themeisle-blocks-advanced-columns-overlay\"><\/div><div class=\"innerblocks-wrap\">\n<div id=\"wp-block-themeisle-blocks-advanced-column-62861427\" class=\"wp-block-themeisle-blocks-advanced-column\">\n<h2 class=\"wp-block-heading has-large-plus-font-size\">Unterst\u00fctzen<\/h2>\n\n\n\n<p>Durch Ihre Spende <strong>unterst\u00fctzen Sie die Allianz f\u00fcr Verletzliche Mission dabei, ihre Arbeit fortzusetzen:<\/strong> Durch Vortr\u00e4ge und Schulungen sowie durch Forschung und Publikationen bef\u00e4higen wir Menschen f\u00fcr einen interkulturellen Dienst in Verletzlichkeit. Wir sind dankbar f\u00fcr jede Form der Unterst\u00fctzung \u2013 ob gro\u00df oder klein, einmalig oder regelm\u00e4\u00dfig.<\/p>\n\n\n\n<p>Bitte lesen Sie den n\u00e4chsten Abschnitt bzgl. l\u00e4nderspezifischen Informationen zu <strong>Spendenbescheinigungen.<\/strong>.<\/p>\n<\/div>\n\n\n\n<div id=\"wp-block-themeisle-blocks-advanced-column-a52fbcf9\" class=\"wp-block-themeisle-blocks-advanced-column\">\n<figure class=\"wp-block-image size-full\"><img loading=\"lazy\" decoding=\"async\" width=\"640\" height=\"432\" src=\"https:\/\/vulnerablemission.org\/wp-content\/uploads\/2024\/07\/money-2724241_640.jpg\" alt=\"\" class=\"wp-image-832\" srcset=\"https:\/\/vulnerablemission.org\/wp-content\/uploads\/2024\/07\/money-2724241_640.jpg 640w, https:\/\/vulnerablemission.org\/wp-content\/uploads\/2024\/07\/money-2724241_640-300x203.jpg 300w, https:\/\/vulnerablemission.org\/wp-content\/uploads\/2024\/07\/money-2724241_640-18x12.jpg 18w\" sizes=\"auto, (max-width: 640px) 100vw, 640px\" \/><\/figure>\n<\/div>\n<\/div><\/div>\n\n\n\n<div style=\"height:20px\" aria-hidden=\"true\" class=\"wp-block-spacer\"><\/div>\n\n\n\n<h3 id=\"wp-block-themeisle-blocks-advanced-heading-7e7bd334\" class=\"wp-block-themeisle-blocks-advanced-heading wp-block-themeisle-blocks-advanced-heading-7e7bd334\">L\u00e4nderspezifische Spendeninformationen<\/h3>\n\n\n\n<h5 id=\"wp-block-themeisle-blocks-advanced-heading-52248a1c\" class=\"wp-block-themeisle-blocks-advanced-heading wp-block-themeisle-blocks-advanced-heading-52248a1c\"><strong>F\u00fcr Spenden aus Deutschland<\/strong><\/h5>\n\n\n\n<p class=\"translation-block\">Personen mit Wohnsitz in Deutschland erhalten zu Beginn jedes Jahres eine Spendenbescheinigung. Spenden k\u00f6nnen entweder per Bank\u00fcberweisung oder \u00fcber Kreditkarte bzw. PayPal erfolgen (weitere Informationen siehe unten).<\/p>\n\n\n\n<div style=\"height:20px\" aria-hidden=\"true\" class=\"wp-block-spacer\"><\/div>\n\n\n\n<h5 id=\"wp-block-themeisle-blocks-advanced-heading-d9f5c240\" class=\"wp-block-themeisle-blocks-advanced-heading wp-block-themeisle-blocks-advanced-heading-d9f5c240\"><strong>F\u00fcr Spenden aus dem Vereinigten K\u00f6nigreich<\/strong><\/h5>\n\n\n\n<p>Wenn Sie im Vereinigten K\u00f6nigreich ans\u00e4ssig sind, spenden Sie bitte durch <a href=\"https:\/\/account.stewardship.org.uk\/gift\/start\/AVM\" target=\"_blank\" rel=\"noopener nofollow\" title=\"\"><span style=\"text-decoration: underline;\">unsere Stewardship-Spendenseite<\/span><\/a>. Dies qualifiziert die Spenden f\u00fcr <strong>Gift Aid,<\/strong> was steuerliche Vorteile mit sich bringen kann.<\/p>\n\n\n\n<div style=\"height:20px\" aria-hidden=\"true\" class=\"wp-block-spacer\"><\/div>\n\n\n\n<h5 id=\"wp-block-themeisle-blocks-advanced-heading-40444157\" class=\"wp-block-themeisle-blocks-advanced-heading wp-block-themeisle-blocks-advanced-heading-40444157\"><strong>F\u00fcr Spenden aus den USA<\/strong><\/h5>\n\n\n\n<p>Wenn Sie in den USA ans\u00e4ssig sind, nutzen Sie bitte die untenstehenden Zahlungsoptionen f\u00fcr Kreditkarte oder PayPal. Zwar k\u00f6nnen wir derzeit noch keine steuerlich absetzbaren Spendenquittungen gem\u00e4\u00df 501(c)(3) ausstellen, <strong>wir arbeiten hier jedoch an einer L\u00f6sung.<\/strong><\/p>\n\n\n\n<p>Vielen Dank f\u00fcr Ihre Gro\u00dfz\u00fcgigkeit und Geduld, w\u00e4hrend wir daran arbeiten, unsere Spendeninfrastruktur zu verbessern.<\/p>\n\n\n\n<div style=\"height:20px\" aria-hidden=\"true\" class=\"wp-block-spacer\"><\/div>\n\n\n\n<h3 id=\"wp-block-themeisle-blocks-advanced-heading-3c3e4bcb\" class=\"wp-block-themeisle-blocks-advanced-heading wp-block-themeisle-blocks-advanced-heading-3c3e4bcb\">M\u00f6glichkeiten der Zahlungsabwicklung<\/h3>\n\n\n\n<h5 id=\"wp-block-themeisle-blocks-advanced-heading-eb67ab12\" class=\"wp-block-themeisle-blocks-advanced-heading wp-block-themeisle-blocks-advanced-heading-eb67ab12\">Per Kreditkarte oder PayPal<\/h5>\n\n\n<div class='root-data-givewp-embed' data-form-locale='de_DE' data-form-url='https:\/\/vulnerablemission.org\/?post_type=give_forms&amp;p=2500' data-form-view-url='https:\/\/vulnerablemission.org\/de\/?givewp-route=donation-form-view&amp;form-id=2500' data-src='https:\/\/vulnerablemission.org\/de\/?givewp-route=donation-form-view&amp;form-id=2500' data-givewp-embed-id='give-form-shortcode-1' data-form-format='onpage' data-open-form-button='Jetzt spenden' style='--givewp-primary-color: #031e53; --givewp-secondary-color: #fdb813;'><\/div>\n\n\n<h5 id=\"wp-block-themeisle-blocks-advanced-heading-0836f18a\" class=\"wp-block-themeisle-blocks-advanced-heading wp-block-themeisle-blocks-advanced-heading-0836f18a\">Durch \u00dcberweisung<\/h5>\n\n\n\n<p>(Unsere Bank befindet sich in Deutschland, wir nehmen aber auch Spenden aus dem Ausland an.)<\/p>\n\n\n\n<p><strong>Kontoinhaber<\/strong>: Allianz f\u00fcr Verletzliche Mission e. V.<br><strong>Bank<\/strong>: KD-Bank<br><strong>IBAN<\/strong>: DE11350601902500029016<br><strong>BIC<\/strong>: GENODED1DKD<br><strong>Verwendungszweck<\/strong>: Name und Kontaktdaten<\/p>\n\n\n\n<p class=\"has-text-align-center has-large-font-size\"><em>Vielen Dank f\u00fcr alle gro\u00dfz\u00fcgige Unterst\u00fctzung!<\/em><\/p>","protected":false},"excerpt":{"rendered":"<p>People based in Germany will receive a Spendenbescheinigung (donation receipt) at the beginning of each year. Donations can be made either through bank transfers or payments through credit card or PayPal (see below for more information). If you&#8217;re based in the UK, we kindly ask you to give through our Stewardship giving page. This allows [&hellip;]<\/p>\n","protected":false},"author":1,"featured_media":0,"parent":0,"menu_order":0,"comment_status":"closed","ping_status":"closed","template":"","meta":{"give_campaign_id":0,"_themeisle_gutenberg_block_has_review":false,"footnotes":""},"class_list":["post-820","page","type-page","status-publish","hentry"],"aioseo_notices":[],"campaignId":"","jetpack_sharing_enabled":true,"_links":{"self":[{"href":"https:\/\/vulnerablemission.org\/de\/wp-json\/wp\/v2\/pages\/820","targetHints":{"allow":["GET"]}}],"collection":[{"href":"https:\/\/vulnerablemission.org\/de\/wp-json\/wp\/v2\/pages"}],"about":[{"href":"https:\/\/vulnerablemission.org\/de\/wp-json\/wp\/v2\/types\/page"}],"author":[{"embeddable":true,"href":"https:\/\/vulnerablemission.org\/de\/wp-json\/wp\/v2\/users\/1"}],"replies":[{"embeddable":true,"href":"https:\/\/vulnerablemission.org\/de\/wp-json\/wp\/v2\/comments?post=820"}],"version-history":[{"count":10,"href":"https:\/\/vulnerablemission.org\/de\/wp-json\/wp\/v2\/pages\/820\/revisions"}],"predecessor-version":[{"id":3114,"href":"https:\/\/vulnerablemission.org\/de\/wp-json\/wp\/v2\/pages\/820\/revisions\/3114"}],"wp:attachment":[{"href":"https:\/\/vulnerablemission.org\/de\/wp-json\/wp\/v2\/media?parent=820"}],"curies":[{"name":"wp","href":"https:\/\/api.w.org\/{rel}","templated":true}]}}