{"id":486,"date":"2024-06-27T15:07:34","date_gmt":"2024-06-27T15:07:34","guid":{"rendered":"https:\/\/avmw.ats-test.co.uk\/?page_id=486"},"modified":"2026-03-04T13:14:13","modified_gmt":"2026-03-04T13:14:13","slug":"bulletin","status":"publish","type":"page","link":"https:\/\/vulnerablemission.org\/de\/resources\/bulletin\/","title":{"rendered":"AVM Bulletin"},"content":{"rendered":"<div id=\"wp-block-themeisle-blocks-advanced-columns-4e0d671d\" class=\"wp-block-themeisle-blocks-advanced-columns alignfull has-1-columns has-desktop-equal-layout has-tablet-equal-layout has-mobile-equal-layout has-vertical-center ticss-7241d2d3\"><div class=\"wp-block-themeisle-blocks-advanced-columns-overlay\"><\/div><div class=\"innerblocks-wrap\">\n<div id=\"wp-block-themeisle-blocks-advanced-column-d4d96d4a\" class=\"wp-block-themeisle-blocks-advanced-column\">\n<h1 id=\"wp-block-themeisle-blocks-advanced-heading-6297c131\" class=\"wp-block-themeisle-blocks-advanced-heading wp-block-themeisle-blocks-advanced-heading-6297c131\">AVM Bulletin<\/h1>\n<\/div>\n<\/div><\/div>\n\n\n\n<div style=\"height:100px\" aria-hidden=\"true\" class=\"wp-block-spacer\"><\/div>\n\n\n\n<h3 id=\"wp-block-themeisle-blocks-advanced-heading-7bffb0dd\" class=\"wp-block-themeisle-blocks-advanced-heading wp-block-themeisle-blocks-advanced-heading-7bffb0dd\">Informiert bleiben<\/h3>\n\n\n\n<p class=\"ticss-f24514ad\">Wir verschicken <strong>monatlich ein Bulletin per Email.<\/strong> Dieses enth\u00e4lt Neuigkeiten, Veranstaltungshinweise, Artikel und andere Informationen im Zusammenhang mit Verletzlicher Mission. Die letzte Ausgabe kann \u00fcber <span style=\"text-decoration: underline;\"><a href=\"https:\/\/mailchi.mp\/aab7233bfa99\/avm-bulletin-current-edition-10983103?e=e6881fd290\" target=\"_blank\" rel=\"noopener nofollow\" title=\"\">diesen Link<\/a><\/span> abgerufen werden.<\/p>\n\n\n\n                <div class=\"ml-embedded\" data-form=\"BIEgV6\"><\/div>\n            \n\n\n\n<div style=\"height:100px\" aria-hidden=\"true\" class=\"wp-block-spacer\"><\/div>\n\n\n\n<h3 id=\"wp-block-themeisle-blocks-advanced-heading-30729f28\" class=\"wp-block-themeisle-blocks-advanced-heading wp-block-themeisle-blocks-advanced-heading-30729f28\">Aktuelle Ausgabe<\/h3>\n\n\n\n<p class=\"has-text-align-center\">(Zum \u00d6ffnen bitte auf das Bild klicken)<\/p>\n\n\n\n<figure class=\"wp-block-image aligncenter size-full\"><a href=\"https:\/\/vulnerablemission.org\/wp-content\/uploads\/2026\/03\/AVM-Bulletin_2026-03.pdf\" target=\"_blank\" rel=\" noreferrer noopener\"><img loading=\"lazy\" decoding=\"async\" width=\"607\" height=\"814\" src=\"https:\/\/vulnerablemission.org\/wp-content\/uploads\/2026\/03\/Screenshot-2026-03-04-150726.png\" alt=\"\" class=\"wp-image-3087\" srcset=\"https:\/\/vulnerablemission.org\/wp-content\/uploads\/2026\/03\/Screenshot-2026-03-04-150726.png 607w, https:\/\/vulnerablemission.org\/wp-content\/uploads\/2026\/03\/Screenshot-2026-03-04-150726-224x300.png 224w, https:\/\/vulnerablemission.org\/wp-content\/uploads\/2026\/03\/Screenshot-2026-03-04-150726-9x12.png 9w\" sizes=\"auto, (max-width: 607px) 100vw, 607px\" \/><\/a><\/figure>\n\n\n\n<div id=\"wp-block-themeisle-blocks-advanced-columns-aa5269f8\" class=\"wp-block-themeisle-blocks-advanced-columns has-2-columns has-desktop-twoOne-layout has-tablet-equal-layout has-mobile-collapsedRows-layout has-vertical-unset\"><div class=\"wp-block-themeisle-blocks-advanced-columns-overlay\"><\/div><div class=\"innerblocks-wrap\">\n<div id=\"wp-block-themeisle-blocks-advanced-column-b35373ba\" class=\"wp-block-themeisle-blocks-advanced-column\">\n<h3 id=\"wp-block-themeisle-blocks-advanced-heading-8d2e2d42\" class=\"wp-block-themeisle-blocks-advanced-heading wp-block-themeisle-blocks-advanced-heading-8d2e2d42\">Vorherige Ausgaben<\/h3>\n\n\n\n<p>Vorherige Ausgaben (bis einschlie\u00dflich 2009) k\u00f6nnen mit einem Klick auf die Schaltfl\u00e4che aufgerufen werden. Sie werden dann zur externen Webseite von THEOLOGY ON THE WEB gef\u00fchrt, die freundlicherweise unsere Bulletins f\u00fcr uns aufbewahren. <\/p>\n\n\n\n<p>Falls Sie diesen Dienst als hilfreich empfinden, erw\u00e4gen Sie doch bitte eine Spende an THEOLOGY ON THE WEB. Details dazu finden Sie auf ihrer Webseite.<\/p>\n<\/div>\n\n\n\n<div id=\"wp-block-themeisle-blocks-advanced-column-3daf0db4\" class=\"wp-block-themeisle-blocks-advanced-column\">\n<div class=\"wp-block-buttons is-content-justification-center is-layout-flex wp-container-core-buttons-is-layout-a89b3969 wp-block-buttons-is-layout-flex\">\n<div class=\"wp-block-button is-style-primary\"><a class=\"wp-block-button__link wp-element-button\" href=\"https:\/\/missiology.org.uk\/journal_alliance-for-vulnerable-mission-01.php\" target=\"_blank\" rel=\"noreferrer noopener nofollow\">VORHERIGE BULLETINS<\/a><\/div>\n<\/div>\n<\/div>\n<\/div><\/div>","protected":false},"excerpt":{"rendered":"<p>We send out a monthly Bulletin via email featuring news, events and articles and other resources dealing with Vulnerable Mission. The latest edition can be accessed through this link. (please click on image)<\/p>","protected":false},"author":1,"featured_media":0,"parent":481,"menu_order":0,"comment_status":"closed","ping_status":"closed","template":"","meta":{"give_campaign_id":0,"_themeisle_gutenberg_block_has_review":false,"footnotes":""},"class_list":["post-486","page","type-page","status-publish","hentry"],"aioseo_notices":[],"campaignId":"","jetpack_sharing_enabled":true,"_links":{"self":[{"href":"https:\/\/vulnerablemission.org\/de\/wp-json\/wp\/v2\/pages\/486","targetHints":{"allow":["GET"]}}],"collection":[{"href":"https:\/\/vulnerablemission.org\/de\/wp-json\/wp\/v2\/pages"}],"about":[{"href":"https:\/\/vulnerablemission.org\/de\/wp-json\/wp\/v2\/types\/page"}],"author":[{"embeddable":true,"href":"https:\/\/vulnerablemission.org\/de\/wp-json\/wp\/v2\/users\/1"}],"replies":[{"embeddable":true,"href":"https:\/\/vulnerablemission.org\/de\/wp-json\/wp\/v2\/comments?post=486"}],"version-history":[{"count":9,"href":"https:\/\/vulnerablemission.org\/de\/wp-json\/wp\/v2\/pages\/486\/revisions"}],"predecessor-version":[{"id":3090,"href":"https:\/\/vulnerablemission.org\/de\/wp-json\/wp\/v2\/pages\/486\/revisions\/3090"}],"up":[{"embeddable":true,"href":"https:\/\/vulnerablemission.org\/de\/wp-json\/wp\/v2\/pages\/481"}],"wp:attachment":[{"href":"https:\/\/vulnerablemission.org\/de\/wp-json\/wp\/v2\/media?parent=486"}],"curies":[{"name":"wp","href":"https:\/\/api.w.org\/{rel}","templated":true}]}}