{"id":431,"date":"2024-06-26T10:19:53","date_gmt":"2024-06-26T10:19:53","guid":{"rendered":"https:\/\/avmw.ats-test.co.uk\/?page_id=431"},"modified":"2025-12-08T20:55:15","modified_gmt":"2025-12-08T20:55:15","slug":"research","status":"publish","type":"page","link":"https:\/\/vulnerablemission.org\/de\/about\/research\/","title":{"rendered":"Forschungsteam"},"content":{"rendered":"<div id=\"wp-block-themeisle-blocks-advanced-columns-4e0d671d\" class=\"wp-block-themeisle-blocks-advanced-columns alignfull has-1-columns has-desktop-equal-layout has-tablet-equal-layout has-mobile-equal-layout has-vertical-center ticss-7241d2d3\"><div class=\"wp-block-themeisle-blocks-advanced-columns-overlay\"><\/div><div class=\"innerblocks-wrap\">\n<div id=\"wp-block-themeisle-blocks-advanced-column-d4d96d4a\" class=\"wp-block-themeisle-blocks-advanced-column\">\n<h1 id=\"wp-block-themeisle-blocks-advanced-heading-6297c131\" class=\"wp-block-themeisle-blocks-advanced-heading wp-block-themeisle-blocks-advanced-heading-6297c131\">Forschungsteam<\/h1>\n<\/div>\n<\/div><\/div>\n\n\n\n<p>Das AVM-Forschungsteam ist ein kleines Kollektiv von Forschenden aus westlichem Hintergrund, die sich mit der akademischen Untersuchung von Verletzlicher Mission besch\u00e4ftigen. Unser Schwerpunkt liegt auf der selbstkritischen Reflexion westlicher Missionsmethoden, h\u00e4ufig unter Anwendung von Prinzipien von Verletzlicher Mission (wie der Nutzung einheimischer Sprachen und lokaler Ressourcen). Einige von Mitgliedern ver\u00f6ffentlichte Artikel und B\u00fccher finden sich unter <a href=\"https:\/\/avmw.ats-test.co.uk\/resources\/articles-and-books\/\" title=\"Artikel und B\u00fccher\">Material<\/a>.<\/p>\n\n\n\n<p>Das AVM-Forschungsteam arbeitet in zwei unterschiedlichen Bereichen. Der eine besteht darin, \u00fcber die Praxis von Verletzlicher Mission in unterschiedlichen Kontexten nachzudenken, an denen wir oft selbst beteiligt sind. Der andere besteht darin, zu erforschen, wie Verletzliche Mission mit missiologischen und praktischen Themen zusammenh\u00e4ngt, wie zum Beispiel:<\/p>\n\n\n\n<ul class=\"wp-block-list\">\n<li>Gemeindegr\u00fcndungs- und J\u00fcngerschaftsbewegungen<\/li>\n\n\n\n<li>Interkulturelle Theologie<\/li>\n\n\n\n<li>(De-)Kolonialit\u00e4t<\/li>\n\n\n\n<li>Entwicklung<\/li>\n\n\n\n<li>Rassismus<\/li>\n\n\n\n<li>Menschenrechte<\/li>\n\n\n\n<li>K\u00fcnstliche Intelligenz<\/li>\n<\/ul>\n\n\n\n<p class=\"translation-block\">Wir betreiben wissenschaftliche Forschung nicht nur \u00fcber und im Zusammenhang mit, sondern tats\u00e4chlich auf der Grundlage von Verletzlicher Mission. Ein wesentlicher Grund daf\u00fcr ist die offenbare Unzul\u00e4nglichkeit vieler Studien und politischer Ma\u00dfnahmen, die sich auf den globalen S\u00fcden auswirken, im Wesentlichen aber in westlichen, s\u00e4kularen Weltanschauungen verwurzelt sind.<\/p>\n\n\n\n<p class=\"has-background-alt-background-color has-background\">Interessiert daran, mehr \u00fcber das AVM-Forschungsteam zu erfahren oder ihm beizutreten? Bitte senden Sie uns einfach eine <a href=\"https:\/\/avmw.ats-test.co.uk\/contact-and-support\/\" title=\"Kontakt\">E-Mail<\/a> mit einer kurzen Vorstellung Ihrer Person und Ihres Hintergrunds.<\/p>","protected":false},"excerpt":{"rendered":"<p>The AVM Research Team is a small collective of scholars from Western backgrounds engaged in the academic study of Vulnerable Mission. Our focus is on self\u2011critical reflection about Western mission methods, often through employing Vulnerable Mission principles (such as the use of indigenous languages and local resources). Some articles and books published by members can [&hellip;]<\/p>\n","protected":false},"author":1,"featured_media":0,"parent":151,"menu_order":0,"comment_status":"closed","ping_status":"closed","template":"","meta":{"give_campaign_id":0,"_themeisle_gutenberg_block_has_review":false,"footnotes":""},"class_list":["post-431","page","type-page","status-publish","hentry"],"aioseo_notices":[],"campaignId":"","jetpack_sharing_enabled":true,"_links":{"self":[{"href":"https:\/\/vulnerablemission.org\/de\/wp-json\/wp\/v2\/pages\/431","targetHints":{"allow":["GET"]}}],"collection":[{"href":"https:\/\/vulnerablemission.org\/de\/wp-json\/wp\/v2\/pages"}],"about":[{"href":"https:\/\/vulnerablemission.org\/de\/wp-json\/wp\/v2\/types\/page"}],"author":[{"embeddable":true,"href":"https:\/\/vulnerablemission.org\/de\/wp-json\/wp\/v2\/users\/1"}],"replies":[{"embeddable":true,"href":"https:\/\/vulnerablemission.org\/de\/wp-json\/wp\/v2\/comments?post=431"}],"version-history":[{"count":9,"href":"https:\/\/vulnerablemission.org\/de\/wp-json\/wp\/v2\/pages\/431\/revisions"}],"predecessor-version":[{"id":3024,"href":"https:\/\/vulnerablemission.org\/de\/wp-json\/wp\/v2\/pages\/431\/revisions\/3024"}],"up":[{"embeddable":true,"href":"https:\/\/vulnerablemission.org\/de\/wp-json\/wp\/v2\/pages\/151"}],"wp:attachment":[{"href":"https:\/\/vulnerablemission.org\/de\/wp-json\/wp\/v2\/media?parent=431"}],"curies":[{"name":"wp","href":"https:\/\/api.w.org\/{rel}","templated":true}]}}