{"id":407,"date":"2024-06-25T15:51:15","date_gmt":"2024-06-25T15:51:15","guid":{"rendered":"https:\/\/avmw.ats-test.co.uk\/?page_id=407"},"modified":"2026-02-07T14:13:59","modified_gmt":"2026-02-07T14:13:59","slug":"our-team","status":"publish","type":"page","link":"https:\/\/vulnerablemission.org\/de\/about\/our-team\/","title":{"rendered":"Unser Team"},"content":{"rendered":"<div id=\"wp-block-themeisle-blocks-advanced-columns-4e0d671d\" class=\"wp-block-themeisle-blocks-advanced-columns alignfull has-1-columns has-desktop-equal-layout has-tablet-equal-layout has-mobile-equal-layout has-vertical-center ticss-7241d2d3\"><div class=\"wp-block-themeisle-blocks-advanced-columns-overlay\"><\/div><div class=\"innerblocks-wrap\">\n<div id=\"wp-block-themeisle-blocks-advanced-column-d4d96d4a\" class=\"wp-block-themeisle-blocks-advanced-column\">\n<h1 id=\"wp-block-themeisle-blocks-advanced-heading-6297c131\" class=\"wp-block-themeisle-blocks-advanced-heading wp-block-themeisle-blocks-advanced-heading-6297c131\">Unser Team<\/h1>\n<\/div>\n<\/div><\/div>\n\n\n\n<div id=\"wp-block-themeisle-blocks-advanced-columns-d87d87fb\" class=\"wp-block-themeisle-blocks-advanced-columns alignfull has-1-columns has-desktop-equal-layout has-tablet-equal-layout has-mobile-collapsedRows-layout has-vertical-center ticss-c00aadba\"><div class=\"wp-block-themeisle-blocks-advanced-columns-overlay\"><\/div><div class=\"innerblocks-wrap\">\n<div id=\"wp-block-themeisle-blocks-advanced-column-60dad16e\" class=\"wp-block-themeisle-blocks-advanced-column\">\n<div id=\"wp-block-themeisle-blocks-advanced-columns-d2e20cf0\" class=\"wp-block-themeisle-blocks-advanced-columns has-1-columns has-desktop-equal-layout has-tablet-equal-layout has-mobile-equal-layout has-vertical-center\"><div class=\"wp-block-themeisle-blocks-advanced-columns-overlay\"><\/div><div class=\"innerblocks-wrap\">\n<div id=\"wp-block-themeisle-blocks-advanced-column-05d18d48\" class=\"wp-block-themeisle-blocks-advanced-column\">\n<h2 id=\"wp-block-themeisle-blocks-advanced-heading-a0f1691e\" class=\"wp-block-themeisle-blocks-advanced-heading wp-block-themeisle-blocks-advanced-heading-a0f1691e\">Gesch\u00e4ftsf\u00fchrender Vorstand <\/h2>\n<\/div>\n<\/div><\/div>\n\n\n\n<div id=\"wp-block-themeisle-blocks-advanced-columns-be71e345\" class=\"wp-block-themeisle-blocks-advanced-columns has-3-columns has-desktop-equal-layout has-tablet-equal-layout has-mobile-collapsedRows-layout has-vertical-top\"><div class=\"wp-block-themeisle-blocks-advanced-columns-overlay\"><\/div><div class=\"innerblocks-wrap\">\n<div id=\"wp-block-themeisle-blocks-advanced-column-e373838a\" class=\"wp-block-themeisle-blocks-advanced-column\">\n<figure class=\"wp-block-image aligncenter size-large is-resized is-style-rounded\"><img decoding=\"async\" src=\"https:\/\/vulnerablemission.org\/wp-content\/uploads\/2024\/09\/Marcus-Grohmann-scaled.jpg\" alt=\"\" style=\"width:180px;height:181px\"\/><\/figure>\n\n\n\n<h5 id=\"wp-block-themeisle-blocks-advanced-heading-a0f377e3\" class=\"wp-block-themeisle-blocks-advanced-heading wp-block-themeisle-blocks-advanced-heading-a0f377e3\"><a href=\"https:\/\/sun.academia.edu\/MarcusGrohmann\" target=\"_blank\" rel=\"noopener nofollow\" title=\"\">Dr. Marcus Grohmann<\/a><\/h5>\n\n\n\n<p id=\"wp-block-themeisle-blocks-advanced-heading-22009bd8\" class=\"wp-block-themeisle-blocks-advanced-heading wp-block-themeisle-blocks-advanced-heading-22009bd8\"><strong>Vorsitzender<\/strong><\/p>\n\n\n\n<p class=\"has-text-align-center has-small-font-size translation-block\">Postdoktorand am <em>Beyers <bdo dir=\"ltr\" lang=\"fr\">Naud\u00e9<\/bdo> Zentrum f\u00fcr \u00d6ffentliche Theologie<\/em>, <em>Universit\u00e4t Stellenbosch<\/em>, S\u00fcdafrika.<\/p>\n<\/div>\n\n\n\n<div id=\"wp-block-themeisle-blocks-advanced-column-956fcf84\" class=\"wp-block-themeisle-blocks-advanced-column\">\n<figure class=\"wp-block-image aligncenter size-large is-resized is-style-rounded\"><img decoding=\"async\" src=\"https:\/\/vulnerablemission.org\/wp-content\/uploads\/2024\/09\/Deborah-Bernhard_sq.jpg\" alt=\"\" style=\"width:180px;height:181px\"\/><\/figure>\n\n\n\n<h5 id=\"wp-block-themeisle-blocks-advanced-heading-16fc6df3\" class=\"wp-block-themeisle-blocks-advanced-heading wp-block-themeisle-blocks-advanced-heading-16fc6df3\">Deborah Bernhard<\/h5>\n\n\n\n<p id=\"wp-block-themeisle-blocks-advanced-heading-1c8a5fcf\" class=\"wp-block-themeisle-blocks-advanced-heading wp-block-themeisle-blocks-advanced-heading-1c8a5fcf\"><strong>STELLV. VORSITZENDE<\/strong><\/p>\n\n\n\n<p class=\"has-text-align-center has-small-font-size translation-block\">Missions-Coach und Beraterin f\u00fcr Kontextualisierung im Bereich des Buddhismus bei der  <em>Middle Path Initiative<\/em>, fr\u00fcher Missionarin in Thailand.<\/p>\n<\/div>\n\n\n\n<div id=\"wp-block-themeisle-blocks-advanced-column-7e32a82b\" class=\"wp-block-themeisle-blocks-advanced-column\">\n<figure class=\"wp-block-image aligncenter size-large is-resized is-style-rounded\"><img decoding=\"async\" src=\"https:\/\/vulnerablemission.org\/wp-content\/uploads\/2024\/10\/Maria-edited-1.jpeg\" alt=\"\" style=\"width:180px;height:181px\"\/><\/figure>\n\n\n\n<h5 id=\"wp-block-themeisle-blocks-advanced-heading-5cdd08a0\" class=\"wp-block-themeisle-blocks-advanced-heading wp-block-themeisle-blocks-advanced-heading-5cdd08a0\">Maria Richter<\/h5>\n\n\n\n<p id=\"wp-block-themeisle-blocks-advanced-heading-a4688a0d\" class=\"wp-block-themeisle-blocks-advanced-heading wp-block-themeisle-blocks-advanced-heading-a4688a0d\"><strong>SCHRIFTF\u00dcHRERIN<\/strong><\/p>\n\n\n\n<p class=\"has-text-align-center has-small-font-size\">Physikerin am Fraunhofer Institut in Dresden.<br><br><\/p>\n<\/div>\n<\/div><\/div>\n<\/div>\n<\/div><\/div>\n\n\n\n<div id=\"wp-block-themeisle-blocks-advanced-columns-ee751889\" class=\"wp-block-themeisle-blocks-advanced-columns alignfull has-1-columns has-desktop-equal-layout has-tablet-equal-layout has-mobile-collapsedRows-layout has-vertical-center ticss-c00aadba\"><div class=\"wp-block-themeisle-blocks-advanced-columns-overlay\"><\/div><div class=\"innerblocks-wrap\">\n<div id=\"wp-block-themeisle-blocks-advanced-column-b5c9fa1a\" class=\"wp-block-themeisle-blocks-advanced-column\">\n<div id=\"wp-block-themeisle-blocks-advanced-columns-4daed9a4\" class=\"wp-block-themeisle-blocks-advanced-columns has-1-columns has-desktop-equal-layout has-tablet-equal-layout has-mobile-equal-layout has-vertical-center\"><div class=\"wp-block-themeisle-blocks-advanced-columns-overlay\"><\/div><div class=\"innerblocks-wrap\">\n<div id=\"wp-block-themeisle-blocks-advanced-column-dced26c8\" class=\"wp-block-themeisle-blocks-advanced-column\">\n<h2 id=\"wp-block-themeisle-blocks-advanced-heading-4e31d5f2\" class=\"wp-block-themeisle-blocks-advanced-heading wp-block-themeisle-blocks-advanced-heading-4e31d5f2\">Erweiterter Vorstand<\/h2>\n<\/div>\n<\/div><\/div>\n\n\n\n<div id=\"wp-block-themeisle-blocks-advanced-columns-22da6d09\" class=\"wp-block-themeisle-blocks-advanced-columns has-3-columns has-desktop-equal-layout has-tablet-equal-layout has-mobile-collapsedRows-layout has-vertical-unset has-vertical-undefined\"><div class=\"wp-block-themeisle-blocks-advanced-columns-overlay\"><\/div><div class=\"innerblocks-wrap\">\n<div id=\"wp-block-themeisle-blocks-advanced-column-fcb8328c\" class=\"wp-block-themeisle-blocks-advanced-column\">\n<figure class=\"wp-block-image aligncenter size-large is-resized is-style-rounded\"><img decoding=\"async\" src=\"https:\/\/vulnerablemission.org\/wp-content\/uploads\/2024\/09\/Dr.-Daniel-Albert.jpg\" alt=\"\" style=\"width:180px;height:181px\"\/><\/figure>\n\n\n\n<h5 id=\"wp-block-themeisle-blocks-advanced-heading-519300f6\" class=\"wp-block-themeisle-blocks-advanced-heading wp-block-themeisle-blocks-advanced-heading-519300f6\"><a href=\"https:\/\/www.linkedin.com\/in\/daniel-reed-albert\/\" target=\"_blank\" rel=\"noopener\" title=\"\">Dr. Daniel <\/a><a href=\"https:\/\/www.linkedin.com\/in\/daniel-reed-albert\/\" target=\"_blank\" rel=\"noopener nofollow\" title=\"\">Albert<\/a><\/h5>\n\n\n\n<div style=\"margin-top:var(--wp--preset--spacing--30);margin-bottom:var(--wp--preset--spacing--30);height:20px\" aria-hidden=\"true\" class=\"wp-block-spacer\"><\/div>\n\n\n\n<p class=\"has-text-align-center has-small-font-size\">Instructional designer and curriculum developer<\/p>\n<\/div>\n\n\n\n<div id=\"wp-block-themeisle-blocks-advanced-column-30eac35b\" class=\"wp-block-themeisle-blocks-advanced-column\">\n<figure class=\"wp-block-image aligncenter size-large is-resized is-style-rounded\"><img loading=\"lazy\" decoding=\"async\" width=\"1024\" height=\"1024\" src=\"https:\/\/vulnerablemission.org\/wp-content\/uploads\/2025\/01\/Dorothea-Witte-1024x1024.jpg\" alt=\"\" class=\"wp-image-2405\" style=\"width:180px;height:181px\" srcset=\"https:\/\/vulnerablemission.org\/wp-content\/uploads\/2025\/01\/Dorothea-Witte-1024x1024.jpg 1024w, https:\/\/vulnerablemission.org\/wp-content\/uploads\/2025\/01\/Dorothea-Witte-300x300.jpg 300w, https:\/\/vulnerablemission.org\/wp-content\/uploads\/2025\/01\/Dorothea-Witte-150x150.jpg 150w, https:\/\/vulnerablemission.org\/wp-content\/uploads\/2025\/01\/Dorothea-Witte-768x768.jpg 768w, https:\/\/vulnerablemission.org\/wp-content\/uploads\/2025\/01\/Dorothea-Witte-1536x1536.jpg 1536w, https:\/\/vulnerablemission.org\/wp-content\/uploads\/2025\/01\/Dorothea-Witte-12x12.jpg 12w, https:\/\/vulnerablemission.org\/wp-content\/uploads\/2025\/01\/Dorothea-Witte.jpg 1613w\" sizes=\"auto, (max-width: 1024px) 100vw, 1024px\" \/><\/figure>\n\n\n\n<h5 id=\"wp-block-themeisle-blocks-advanced-heading-97a53a79\" class=\"wp-block-themeisle-blocks-advanced-heading wp-block-themeisle-blocks-advanced-heading-97a53a79\">Dorothea Witte<\/h5>\n\n\n\n<p id=\"wp-block-themeisle-blocks-advanced-heading-746769ce\" class=\"wp-block-themeisle-blocks-advanced-heading wp-block-themeisle-blocks-advanced-heading-746769ce\"><strong>Schatzmeisterin<\/strong><\/p>\n\n\n\n<p class=\"has-text-align-center has-small-font-size\">Ausgebildete Bankkauffrau; M.Sc. Volkswirtschaftslehre; seit vielen Jahren enger Kontakt zu Gemeinde in Kuba<\/p>\n<\/div>\n\n\n\n<div id=\"wp-block-themeisle-blocks-advanced-column-3d079186\" class=\"wp-block-themeisle-blocks-advanced-column\">\n<figure class=\"wp-block-image aligncenter size-large is-resized is-style-rounded\"><img decoding=\"async\" src=\"https:\/\/vulnerablemission.org\/wp-content\/uploads\/2024\/09\/James-Alongi_sq.jpg\" alt=\"\" style=\"width:180px;height:181px\"\/><\/figure>\n\n\n\n<h5 id=\"wp-block-themeisle-blocks-advanced-heading-1044541c\" class=\"wp-block-themeisle-blocks-advanced-heading wp-block-themeisle-blocks-advanced-heading-1044541c\">James Alongi<\/h5>\n\n\n\n<div style=\"margin-top:var(--wp--preset--spacing--30);margin-bottom:var(--wp--preset--spacing--30);height:20px\" aria-hidden=\"true\" class=\"wp-block-spacer\"><\/div>\n\n\n\n<p class=\"has-text-align-center has-small-font-size\">PhD candidate <em>Dallas Theological Seminary<\/em><\/p>\n<\/div>\n<\/div><\/div>\n\n\n\n<div style=\"margin-top:var(--wp--preset--spacing--20);margin-bottom:var(--wp--preset--spacing--20);height:3rem\" aria-hidden=\"true\" class=\"wp-block-spacer\"><\/div>\n\n\n\n<div id=\"wp-block-themeisle-blocks-advanced-columns-b22b5bf3\" class=\"wp-block-themeisle-blocks-advanced-columns has-3-columns has-desktop-equal-layout has-tablet-twoColumnGrid-layout has-mobile-collapsedRows-layout has-vertical-unset has-vertical-undefined\"><div class=\"wp-block-themeisle-blocks-advanced-columns-overlay\"><\/div><div class=\"innerblocks-wrap\">\n<div id=\"wp-block-themeisle-blocks-advanced-column-7965d23f\" class=\"wp-block-themeisle-blocks-advanced-column\">\n<figure class=\"wp-block-image aligncenter size-large is-resized is-style-rounded\"><img decoding=\"async\" src=\"https:\/\/vulnerablemission.org\/wp-content\/uploads\/2024\/09\/Dr.-Jim-Harriesjpg-2-edited.jpg\" alt=\"\" style=\"width:180px;height:181px\"\/><\/figure>\n\n\n\n<h5 id=\"wp-block-themeisle-blocks-advanced-heading-d3f2a034\" class=\"wp-block-themeisle-blocks-advanced-heading wp-block-themeisle-blocks-advanced-heading-d3f2a034\"><a href=\"https:\/\/jimharries.academia.edu\/\" target=\"_blank\" rel=\"noopener nofollow\" title=\"\">Dr. Jim Harries<\/a><\/h5>\n\n\n\n<p class=\"has-text-align-center has-small-font-size translation-block\">Apl. Dozent an der <em>William Carey International University<\/em>, Missionar in Ostafrika<\/p>\n<\/div>\n\n\n\n<div id=\"wp-block-themeisle-blocks-advanced-column-cf0aa36d\" class=\"wp-block-themeisle-blocks-advanced-column\">\n<figure class=\"wp-block-image aligncenter size-large is-resized is-style-rounded\"><img decoding=\"async\" src=\"https:\/\/vulnerablemission.org\/wp-content\/uploads\/2024\/09\/John-MacDonalde.jpg\" alt=\"\" style=\"width:180px;height:181px\"\/><\/figure>\n\n\n\n<h5 id=\"wp-block-themeisle-blocks-advanced-heading-1e0c6174\" class=\"wp-block-themeisle-blocks-advanced-heading wp-block-themeisle-blocks-advanced-heading-1e0c6174\">Rev. Canon Dr. John MacDonald<\/h5>\n\n\n\n<p class=\"has-text-align-center has-small-font-size translation-block\">Prof. em. f\u00fcr Missionswissenschaft, <em>Trinity Anglican Seminary<\/em>, fr\u00fcher Missionar in Lateinamerika<\/p>\n<\/div>\n\n\n\n<div id=\"wp-block-themeisle-blocks-advanced-column-3bdb99b4\" class=\"wp-block-themeisle-blocks-advanced-column\">\n<h5 id=\"wp-block-themeisle-blocks-advanced-heading-b0f32155\" class=\"wp-block-themeisle-blocks-advanced-heading wp-block-themeisle-blocks-advanced-heading-b0f32155\"><\/h5>\n<\/div>\n<\/div><\/div>\n<\/div>\n<\/div><\/div>\n\n\n\n<hr class=\"wp-block-separator has-alpha-channel-opacity\"\/>\n\n\n\n<div id=\"wp-block-themeisle-blocks-advanced-columns-2a2904e5\" class=\"wp-block-themeisle-blocks-advanced-columns alignfull has-1-columns has-desktop-equal-layout has-tablet-equal-layout has-mobile-collapsedRows-layout has-vertical-center ticss-c00aadba\"><div class=\"wp-block-themeisle-blocks-advanced-columns-overlay\"><\/div><div class=\"innerblocks-wrap\">\n<div id=\"wp-block-themeisle-blocks-advanced-column-bd5848ab\" class=\"wp-block-themeisle-blocks-advanced-column\">\n<div id=\"wp-block-themeisle-blocks-advanced-columns-87cdf9bc\" class=\"wp-block-themeisle-blocks-advanced-columns has-1-columns has-desktop-equal-layout has-tablet-equal-layout has-mobile-equal-layout has-vertical-center\"><div class=\"wp-block-themeisle-blocks-advanced-columns-overlay\"><\/div><div class=\"innerblocks-wrap\">\n<div id=\"wp-block-themeisle-blocks-advanced-column-68d6f596\" class=\"wp-block-themeisle-blocks-advanced-column\">\n<h2 id=\"wp-block-themeisle-blocks-advanced-heading-eb55c962\" class=\"wp-block-themeisle-blocks-advanced-heading wp-block-themeisle-blocks-advanced-heading-eb55c962\">Beirat <\/h2>\n<\/div>\n<\/div><\/div>\n\n\n\n<div id=\"wp-block-themeisle-blocks-advanced-columns-5efc7d96\" class=\"wp-block-themeisle-blocks-advanced-columns has-3-columns has-desktop-equal-layout has-tablet-twoColumnGrid-layout has-mobile-collapsedRows-layout has-vertical-top\"><div class=\"wp-block-themeisle-blocks-advanced-columns-overlay\"><\/div><div class=\"innerblocks-wrap\">\n<div id=\"wp-block-themeisle-blocks-advanced-column-23028456\" class=\"wp-block-themeisle-blocks-advanced-column\">\n<figure class=\"wp-block-image aligncenter size-large is-resized is-style-rounded\"><img decoding=\"async\" src=\"https:\/\/vulnerablemission.org\/wp-content\/uploads\/2024\/11\/Jay-Gary-400.jpg\" alt=\"\" style=\"width:180px;height:181px\"\/><\/figure>\n\n\n\n<h5 id=\"wp-block-themeisle-blocks-advanced-heading-b87b8a8c\" class=\"wp-block-themeisle-blocks-advanced-heading wp-block-themeisle-blocks-advanced-heading-b87b8a8c\">Dr. Jay Gary<\/h5>\n\n\n\n<p class=\"has-text-align-center has-small-font-size\">Professor of Strategic Leadership, <em>Oral Roberts University<\/em>, Tulsa, OK, USA; Entrepreneur, educator, and futurist; developer of the Perspectives mission study program<\/p>\n<\/div>\n\n\n\n<div id=\"wp-block-themeisle-blocks-advanced-column-61177667\" class=\"wp-block-themeisle-blocks-advanced-column\">\n<figure class=\"wp-block-image aligncenter size-large is-resized is-style-rounded\"><img decoding=\"async\" src=\"https:\/\/vulnerablemission.org\/wp-content\/uploads\/2024\/12\/Frank-1.jpg\" alt=\"\" style=\"width:180px;height:181px\"\/><\/figure>\n\n\n\n<h5 id=\"wp-block-themeisle-blocks-advanced-heading-715f3f99\" class=\"wp-block-themeisle-blocks-advanced-heading wp-block-themeisle-blocks-advanced-heading-715f3f99\">Frank Paul<\/h5>\n\n\n\n<p class=\"has-text-align-center has-small-font-size\">Mitglied der Kommunit\u00e4t OJC, einstmals Begleiter indigener Kirchen in Argentinien, Autor von <a href=\"https:\/\/www.amazon.de\/-\/en\/Begleiten-statt-erobern-Missionare-nordargentinischen\/dp\/3937896953\/ref=sr_1_1?crid=SV4FUM4BKNHG&amp;dib=eyJ2IjoiMSJ9.UprHr8DIwMDrt69nfBg7bybeKFBwrIuHH5bTkeX-g0S9c9z0RRAm5PI1RRLoV7pkrp2aCyYuwZRikkETxruGwsanm11XLA7hVEpxl80k6JQIO4mRfh7SL6quBGPvtsBMP-Ph5d14BQxcL0-j7oGpE-kZVGfCbQMZtqSm6-FWnWDEERa0RFtBMyixnmbWqJVK-mcJqB5Cx6pjDYt7ieLK9OhXj8clAKBUZu8zRJVWL2A.VusiwoHK3qBxOx6c4Aod5pKC3xllnEdNBFtYHpILePY&amp;dib_tag=se&amp;keywords=begleiten+statt+erobern&amp;nsdOptOutParam=true&amp;qid=1733336986&amp;sprefix=begleiten+statt+eroberaps233&amp;sr=8-1\" title=\"\">\u201eBegleiten statt Erobern\u201c<\/a><\/p>\n<\/div>\n\n\n\n<div id=\"wp-block-themeisle-blocks-advanced-column-1fb041f1\" class=\"wp-block-themeisle-blocks-advanced-column\">\n<figure class=\"wp-block-image aligncenter size-large is-resized is-style-rounded\"><img decoding=\"async\" src=\"https:\/\/vulnerablemission.org\/wp-content\/uploads\/2024\/12\/Jean-Johnson-Photo-2024.jpg\" alt=\"\" style=\"width:180px;height:181px\"\/><\/figure>\n\n\n\n<h5 id=\"wp-block-themeisle-blocks-advanced-heading-4444b92e\" class=\"wp-block-themeisle-blocks-advanced-heading wp-block-themeisle-blocks-advanced-heading-4444b92e\">Jean Johnson<\/h5>\n\n\n\n<p class=\"has-text-align-center has-small-font-size\">Vorsitzender <a href=\"https:\/\/fivestonesglobal.org\/\" title=\"\">Five Stones Global<\/a>, sechs Jahre Dienst in den USA unter Fl\u00fcchtlingen aus Kambodscha, danach 16 Jahre in Kambodscha. Coaching und Training f\u00fcr kultur\u00fcbergreifenden Dienst, Autorin von <a href=\"https:\/\/www.amazon.de\/-\/en\/Jean-Johnson\/dp\/1724663097\/ref=sr_1_1?crid=1MSHVXXONL4EL&amp;dib=eyJ2IjoiMSJ9.RuwAjGh9UNClblJw_MiAJv3sIwLDaJtm1khcuIKUboYAsT2rqQZpy8T-0-f4Z1cwiSNQt3ioBpQq5jF7CBy-yPzde8MISLEFLHb-O-STjYWH4akZH5cCc0Tim68E_r_KotQzei3MGAhvV-_7OvNWx2WCb8mPgrcRigU7IcTjcIQK4DL3nqoEDim8sDA5ZdFrDMwqr454O2AKa7OEL3xxyyjch-R3tkKZ8Zpx6QM5z2A.UmnbTVASFDo0J5eqPykTY5JQcEDMoxpie3cQqS6t2U4&amp;dib_tag=se&amp;keywords=we+are+not+the+hero+jean+johnson&amp;nsdOptOutParam=true&amp;qid=1733337222&amp;sprefix=we+are+not+the+hero+jean+johnsoaps261&amp;sr=8-1\" target=\"_blank\" rel=\"noopener\" title=\"\">\u201eWe Are Not the Hero\u201c<\/a><\/p>\n<\/div>\n<\/div><\/div>\n\n\n\n<p><\/p>\n\n\n\n<div style=\"height:100px\" aria-hidden=\"true\" class=\"wp-block-spacer\"><\/div>\n\n\n\n<div id=\"wp-block-themeisle-blocks-advanced-columns-345be636\" class=\"wp-block-themeisle-blocks-advanced-columns has-3-columns has-desktop-equal-layout has-tablet-twoColumnGrid-layout has-mobile-collapsedRows-layout has-vertical-top\"><div class=\"wp-block-themeisle-blocks-advanced-columns-overlay\"><\/div><div class=\"innerblocks-wrap\">\n<div id=\"wp-block-themeisle-blocks-advanced-column-32fb5414\" class=\"wp-block-themeisle-blocks-advanced-column\">\n<figure class=\"wp-block-image aligncenter size-large is-resized is-style-rounded\"><img decoding=\"async\" src=\"https:\/\/vulnerablemission.org\/wp-content\/uploads\/2024\/11\/Dr-Chris-Flanders.jpeg\" alt=\"\" style=\"width:180px;height:181px\"\/><\/figure>\n\n\n\n<h5 id=\"wp-block-themeisle-blocks-advanced-heading-ed884838\" class=\"wp-block-themeisle-blocks-advanced-heading wp-block-themeisle-blocks-advanced-heading-ed884838\">Dr. Chris Flanders<\/h5>\n\n\n\n<p class=\"has-text-align-center has-small-font-size translation-block\">Professor f\u00fcr Missionswissenschaft <em>Abilene Christian University<\/em>, Forschung zu Ehre, <em>face<\/em> und Scham; Thailand<\/p>\n<\/div>\n\n\n\n<div id=\"wp-block-themeisle-blocks-advanced-column-17588da1\" class=\"wp-block-themeisle-blocks-advanced-column\">\n<figure class=\"wp-block-image aligncenter size-full is-resized is-style-rounded\"><img loading=\"lazy\" decoding=\"async\" width=\"1542\" height=\"1542\" src=\"https:\/\/vulnerablemission.org\/wp-content\/uploads\/2025\/01\/Tim-Reeves.jpg\" alt=\"\" class=\"wp-image-2396\" style=\"width:180px;height:181px\" srcset=\"https:\/\/vulnerablemission.org\/wp-content\/uploads\/2025\/01\/Tim-Reeves.jpg 1542w, https:\/\/vulnerablemission.org\/wp-content\/uploads\/2025\/01\/Tim-Reeves-300x300.jpg 300w, https:\/\/vulnerablemission.org\/wp-content\/uploads\/2025\/01\/Tim-Reeves-1024x1024.jpg 1024w, https:\/\/vulnerablemission.org\/wp-content\/uploads\/2025\/01\/Tim-Reeves-150x150.jpg 150w, https:\/\/vulnerablemission.org\/wp-content\/uploads\/2025\/01\/Tim-Reeves-768x768.jpg 768w, https:\/\/vulnerablemission.org\/wp-content\/uploads\/2025\/01\/Tim-Reeves-1536x1536.jpg 1536w, https:\/\/vulnerablemission.org\/wp-content\/uploads\/2025\/01\/Tim-Reeves-12x12.jpg 12w\" sizes=\"auto, (max-width: 1542px) 100vw, 1542px\" \/><\/figure>\n\n\n\n<h5 id=\"wp-block-themeisle-blocks-advanced-heading-10aba7d1\" class=\"wp-block-themeisle-blocks-advanced-heading wp-block-themeisle-blocks-advanced-heading-10aba7d1\">Tim Reeves<\/h5>\n\n\n\n<p class=\"has-text-align-center has-small-font-size\">Langj\u00e4hriger Bef\u00fcrworter von Verletzlicher Mission mit einem Hintergrund in Computerprogrammierung, Physik und Philosophie.&nbsp;<\/p>\n<\/div>\n\n\n\n<div id=\"wp-block-themeisle-blocks-advanced-column-9e9b8681\" class=\"wp-block-themeisle-blocks-advanced-column\">\n<figure class=\"wp-block-image aligncenter size-full is-resized is-style-rounded\"><img loading=\"lazy\" decoding=\"async\" width=\"614\" height=\"614\" src=\"https:\/\/vulnerablemission.org\/wp-content\/uploads\/2024\/12\/Gernot-Spies-2023_square.jpeg\" alt=\"\" class=\"wp-image-2381\" style=\"width:180px;height:181px\" srcset=\"https:\/\/vulnerablemission.org\/wp-content\/uploads\/2024\/12\/Gernot-Spies-2023_square.jpeg 614w, https:\/\/vulnerablemission.org\/wp-content\/uploads\/2024\/12\/Gernot-Spies-2023_square-300x300.jpeg 300w, https:\/\/vulnerablemission.org\/wp-content\/uploads\/2024\/12\/Gernot-Spies-2023_square-150x150.jpeg 150w, https:\/\/vulnerablemission.org\/wp-content\/uploads\/2024\/12\/Gernot-Spies-2023_square-12x12.jpeg 12w\" sizes=\"auto, (max-width: 614px) 100vw, 614px\" \/><\/figure>\n\n\n\n<h5 id=\"wp-block-themeisle-blocks-advanced-heading-e55ed1ef\" class=\"wp-block-themeisle-blocks-advanced-heading wp-block-themeisle-blocks-advanced-heading-e55ed1ef\">Rev. Gernot Spies<\/h5>\n\n\n\n<p class=\"has-text-align-center has-small-font-size translation-block\">Ev.-Luth. Pfarrer, aufgewachsen in Namibia und der BRD, 2000-2023 Generalsekret\u00e4r der <a href=\"http:\/\/www.smd.org\" target=\"_blank\" rel=\"noopener nofollow\" title=\"\">SMD <\/a>, 2009-2015 Teil des gesch\u00e4ftsf\u00fchrenden Vorstands der <a href=\"http:\/\/www.ifesworld.org\" target=\"_blank\" rel=\"noopener nofollow\" title=\"\">IFES<\/a>, jetzt im aktiven Ruhestand in Marburg<\/p>\n<\/div>\n<\/div><\/div>\n<\/div>\n<\/div><\/div>","protected":false},"excerpt":{"rendered":"","protected":false},"author":1,"featured_media":0,"parent":151,"menu_order":0,"comment_status":"closed","ping_status":"closed","template":"","meta":{"give_campaign_id":0,"_themeisle_gutenberg_block_has_review":false,"footnotes":""},"class_list":["post-407","page","type-page","status-publish","hentry"],"aioseo_notices":[],"campaignId":"","jetpack_sharing_enabled":true,"_links":{"self":[{"href":"https:\/\/vulnerablemission.org\/de\/wp-json\/wp\/v2\/pages\/407","targetHints":{"allow":["GET"]}}],"collection":[{"href":"https:\/\/vulnerablemission.org\/de\/wp-json\/wp\/v2\/pages"}],"about":[{"href":"https:\/\/vulnerablemission.org\/de\/wp-json\/wp\/v2\/types\/page"}],"author":[{"embeddable":true,"href":"https:\/\/vulnerablemission.org\/de\/wp-json\/wp\/v2\/users\/1"}],"replies":[{"embeddable":true,"href":"https:\/\/vulnerablemission.org\/de\/wp-json\/wp\/v2\/comments?post=407"}],"version-history":[{"count":9,"href":"https:\/\/vulnerablemission.org\/de\/wp-json\/wp\/v2\/pages\/407\/revisions"}],"predecessor-version":[{"id":3064,"href":"https:\/\/vulnerablemission.org\/de\/wp-json\/wp\/v2\/pages\/407\/revisions\/3064"}],"up":[{"embeddable":true,"href":"https:\/\/vulnerablemission.org\/de\/wp-json\/wp\/v2\/pages\/151"}],"wp:attachment":[{"href":"https:\/\/vulnerablemission.org\/de\/wp-json\/wp\/v2\/media?parent=407"}],"curies":[{"name":"wp","href":"https:\/\/api.w.org\/{rel}","templated":true}]}}