{"id":2968,"date":"2025-11-20T06:07:55","date_gmt":"2025-11-20T06:07:55","guid":{"rendered":"https:\/\/vulnerablemission.org\/?page_id=2968"},"modified":"2025-11-20T06:07:59","modified_gmt":"2025-11-20T06:07:59","slug":"statement-of-faith","status":"publish","type":"page","link":"https:\/\/vulnerablemission.org\/de\/about\/statement-of-faith\/","title":{"rendered":"Glaubensbasis"},"content":{"rendered":"<div id=\"wp-block-themeisle-blocks-advanced-columns-4e0d671d\" class=\"wp-block-themeisle-blocks-advanced-columns alignfull has-1-columns has-desktop-equal-layout has-tablet-equal-layout has-mobile-equal-layout has-vertical-center ticss-7241d2d3\"><div class=\"wp-block-themeisle-blocks-advanced-columns-overlay\"><\/div><div class=\"innerblocks-wrap\">\n<div id=\"wp-block-themeisle-blocks-advanced-column-d4d96d4a\" class=\"wp-block-themeisle-blocks-advanced-column\">\n<h1 id=\"wp-block-themeisle-blocks-advanced-heading-6297c131\" class=\"wp-block-themeisle-blocks-advanced-heading wp-block-themeisle-blocks-advanced-heading-6297c131\">Glaubensverst\u00e4ndnis und missionarische Haltung<\/h1>\n<\/div>\n<\/div><\/div>\n\n\n\n<div id=\"wp-block-themeisle-blocks-advanced-columns-35825447\" class=\"wp-block-themeisle-blocks-advanced-columns alignfull has-2-columns has-desktop-equal-layout has-tablet-equal-layout has-mobile-collapsedRows-layout has-vertical-center ticss-c00aadba\"><div class=\"wp-block-themeisle-blocks-advanced-columns-overlay\"><\/div><div class=\"innerblocks-wrap\">\n<div id=\"wp-block-themeisle-blocks-advanced-column-697562ed\" class=\"wp-block-themeisle-blocks-advanced-column\">\n<figure class=\"wp-block-image size-full\"><img loading=\"lazy\" decoding=\"async\" width=\"640\" height=\"640\" src=\"https:\/\/vulnerablemission.org\/wp-content\/uploads\/2025\/11\/trees-8173531_1280_sq.jpg\" alt=\"\" class=\"wp-image-2979\" srcset=\"https:\/\/vulnerablemission.org\/wp-content\/uploads\/2025\/11\/trees-8173531_1280_sq.jpg 640w, https:\/\/vulnerablemission.org\/wp-content\/uploads\/2025\/11\/trees-8173531_1280_sq-300x300.jpg 300w, https:\/\/vulnerablemission.org\/wp-content\/uploads\/2025\/11\/trees-8173531_1280_sq-150x150.jpg 150w, https:\/\/vulnerablemission.org\/wp-content\/uploads\/2025\/11\/trees-8173531_1280_sq-12x12.jpg 12w\" sizes=\"auto, (max-width: 640px) 100vw, 640px\" \/><\/figure>\n<\/div>\n\n\n\n<div id=\"wp-block-themeisle-blocks-advanced-column-ed1b12ac\" class=\"wp-block-themeisle-blocks-advanced-column\">\n<p>Als Allianz f\u00fcr Verletzliche Mission sind wir in der evangelischen Tradition verwurzelt, aber nicht darauf beschr\u00e4nkt. Unsere missionarische Praxis steht im Einklang mit den ethischen Leitlinien des \u00f6kumenischen Dokuments <a href=\"https:\/\/oikoumene.org\/sites\/default\/files\/Document\/ChristianWitness_G.pdf\"><span style=\"text-decoration: underline;\">\u201cChristliches Zeugnis in einer multireligi\u00f6sen Welt\u201c<\/span><\/a>, das unter breiter Einbeziehung unterschiedlicher Konfessionen und auch mit evangelikaler Mitwirkung entstanden ist. Unser Glaubensverst\u00e4ndnis orientiert sich im Wesentlichen an den Glaubensgrundlagen der <a href=\"https:\/\/www.ead.de\/basis-des-glaubens\/\"><span style=\"text-decoration: underline;\">Evangelischen Allianz<\/span><\/a> und den zentralen Dokumenten der <a href=\"https:\/\/lausannerbewegung.de\/publikationen\/\"><span style=\"text-decoration: underline;\">Lausanner Bewegung<\/span><\/a>. Bei letzterer sch\u00e4tzen wir insbesondere ihre missionarische Vision.<\/p>\n\n\n\n<div style=\"height:10px\" aria-hidden=\"true\" class=\"wp-block-spacer\"><\/div>\n<\/div>\n<\/div><\/div>\n\n\n\n<div id=\"wp-block-themeisle-blocks-advanced-columns-8b1e8062\" class=\"wp-block-themeisle-blocks-advanced-columns alignfull has-2-columns has-desktop-equal-layout has-tablet-equal-layout has-mobile-collapsedRows-layout has-vertical-center ticss-c00aadba\"><div class=\"wp-block-themeisle-blocks-advanced-columns-overlay\"><\/div><div class=\"innerblocks-wrap\">\n<div id=\"wp-block-themeisle-blocks-advanced-column-ab3e44b8\" class=\"wp-block-themeisle-blocks-advanced-column\">\n<p>Gleichzeitig ist unsere Arbeit von einer Haltung der Verletzlichkeit gepr\u00e4gt - auch in theologischer Hinsicht. Wir beanspruchen nicht, f\u00fcr indigene Glaubensgemeinschaften festlegen zu k\u00f6nnen, was als orthodox gelten soll, sondern vertrauen darauf, dass der Geist Gottes Menschen beim Lesen der Bibel und in der Nachfolge Jesu in ihren eigenen kulturellen und sprachlichen Kontexten leitet. Wir halten an unserem eigenen Glauben fest, begleiten jedoch andere in Demut auf ihrem je eigenen Weg des Glaubens und theologischen Lernens.<\/p>\n\n\n\n<div style=\"height:10px\" aria-hidden=\"true\" class=\"wp-block-spacer\"><\/div>\n<\/div>\n\n\n\n<div id=\"wp-block-themeisle-blocks-advanced-column-c89e22e7\" class=\"wp-block-themeisle-blocks-advanced-column\">\n<figure class=\"wp-block-image size-full\"><img loading=\"lazy\" decoding=\"async\" width=\"853\" height=\"853\" src=\"https:\/\/vulnerablemission.org\/wp-content\/uploads\/2025\/11\/flower-7831890_1280_sq.jpg\" alt=\"\" class=\"wp-image-2984\" srcset=\"https:\/\/vulnerablemission.org\/wp-content\/uploads\/2025\/11\/flower-7831890_1280_sq.jpg 853w, https:\/\/vulnerablemission.org\/wp-content\/uploads\/2025\/11\/flower-7831890_1280_sq-300x300.jpg 300w, https:\/\/vulnerablemission.org\/wp-content\/uploads\/2025\/11\/flower-7831890_1280_sq-150x150.jpg 150w, https:\/\/vulnerablemission.org\/wp-content\/uploads\/2025\/11\/flower-7831890_1280_sq-768x768.jpg 768w, https:\/\/vulnerablemission.org\/wp-content\/uploads\/2025\/11\/flower-7831890_1280_sq-12x12.jpg 12w\" sizes=\"auto, (max-width: 853px) 100vw, 853px\" \/><\/figure>\n<\/div>\n<\/div><\/div>","protected":false},"excerpt":{"rendered":"","protected":false},"author":2,"featured_media":0,"parent":151,"menu_order":0,"comment_status":"closed","ping_status":"closed","template":"","meta":{"give_campaign_id":0,"_themeisle_gutenberg_block_has_review":false,"footnotes":""},"class_list":["post-2968","page","type-page","status-publish","hentry"],"aioseo_notices":[],"campaignId":"","jetpack_sharing_enabled":true,"_links":{"self":[{"href":"https:\/\/vulnerablemission.org\/de\/wp-json\/wp\/v2\/pages\/2968","targetHints":{"allow":["GET"]}}],"collection":[{"href":"https:\/\/vulnerablemission.org\/de\/wp-json\/wp\/v2\/pages"}],"about":[{"href":"https:\/\/vulnerablemission.org\/de\/wp-json\/wp\/v2\/types\/page"}],"author":[{"embeddable":true,"href":"https:\/\/vulnerablemission.org\/de\/wp-json\/wp\/v2\/users\/2"}],"replies":[{"embeddable":true,"href":"https:\/\/vulnerablemission.org\/de\/wp-json\/wp\/v2\/comments?post=2968"}],"version-history":[{"count":10,"href":"https:\/\/vulnerablemission.org\/de\/wp-json\/wp\/v2\/pages\/2968\/revisions"}],"predecessor-version":[{"id":2986,"href":"https:\/\/vulnerablemission.org\/de\/wp-json\/wp\/v2\/pages\/2968\/revisions\/2986"}],"up":[{"embeddable":true,"href":"https:\/\/vulnerablemission.org\/de\/wp-json\/wp\/v2\/pages\/151"}],"wp:attachment":[{"href":"https:\/\/vulnerablemission.org\/de\/wp-json\/wp\/v2\/media?parent=2968"}],"curies":[{"name":"wp","href":"https:\/\/api.w.org\/{rel}","templated":true}]}}