{"id":2723,"date":"2025-05-01T20:19:55","date_gmt":"2025-05-01T20:19:55","guid":{"rendered":"https:\/\/vulnerablemission.org\/?page_id=2723"},"modified":"2026-03-31T11:10:40","modified_gmt":"2026-03-31T11:10:40","slug":"artikel-und-buecher","status":"publish","type":"page","link":"https:\/\/vulnerablemission.org\/de\/resources\/artikel-und-buecher\/","title":{"rendered":"Artikel und B\u00fccher in Deutsch"},"content":{"rendered":"<div id=\"wp-block-themeisle-blocks-advanced-columns-4e0d671d\" class=\"wp-block-themeisle-blocks-advanced-columns alignfull has-1-columns has-desktop-equal-layout has-tablet-equal-layout has-mobile-equal-layout has-vertical-center ticss-7241d2d3\"><div class=\"wp-block-themeisle-blocks-advanced-columns-overlay\"><\/div><div class=\"innerblocks-wrap\">\n<div id=\"wp-block-themeisle-blocks-advanced-column-d4d96d4a\" class=\"wp-block-themeisle-blocks-advanced-column\">\n<h1 id=\"wp-block-themeisle-blocks-advanced-heading-6297c131\" class=\"wp-block-themeisle-blocks-advanced-heading wp-block-themeisle-blocks-advanced-heading-6297c131\">Artikel und B\u00fccher in Deutsch<\/h1>\n<\/div>\n<\/div><\/div>\n\n\n\n<p class=\"has-text-align-center\">Hier finden sich Ressourcen zu verletzlicher Mission in weiteren Sprachen:<\/p>\n\n\n\n<div class=\"wp-block-columns is-layout-flex wp-container-core-columns-is-layout-28718a20 wp-block-columns-is-layout-flex\" style=\"padding-right:var(--wp--preset--spacing--60);padding-left:var(--wp--preset--spacing--60)\">\n<div class=\"wp-block-column is-layout-flow wp-block-column-is-layout-flow\">\n<div class=\"wp-block-cover is-light is-style-default\" style=\"padding-right:var(--wp--preset--spacing--20);padding-left:var(--wp--preset--spacing--20);min-height:136px;aspect-ratio:unset;\"><img loading=\"lazy\" decoding=\"async\" width=\"1280\" height=\"674\" class=\"wp-block-cover__image-background wp-image-2594 size-full\" alt=\"\" src=\"https:\/\/vulnerablemission.org\/wp-content\/uploads\/2025\/02\/English.png\" data-object-fit=\"cover\" srcset=\"https:\/\/vulnerablemission.org\/wp-content\/uploads\/2025\/02\/English.png 1280w, https:\/\/vulnerablemission.org\/wp-content\/uploads\/2025\/02\/English-300x158.png 300w, https:\/\/vulnerablemission.org\/wp-content\/uploads\/2025\/02\/English-1024x539.png 1024w, https:\/\/vulnerablemission.org\/wp-content\/uploads\/2025\/02\/English-768x404.png 768w, https:\/\/vulnerablemission.org\/wp-content\/uploads\/2025\/02\/English-18x9.png 18w\" sizes=\"auto, (max-width: 1280px) 100vw, 1280px\" \/><span aria-hidden=\"true\" class=\"wp-block-cover__background has-background-dim-30 has-background-dim\" style=\"background-color:#ba94a2\"><\/span><div class=\"wp-block-cover__inner-container is-layout-flow wp-block-cover-is-layout-flow\">\n<div class=\"wp-block-buttons is-content-justification-center is-layout-flex wp-container-core-buttons-is-layout-a89b3969 wp-block-buttons-is-layout-flex\">\n<div class=\"wp-block-button is-style-primary\"><a class=\"wp-block-button__link wp-element-button\" href=\"https:\/\/vulnerablemission.org\/de\/resources\/articles-and-books\/\">Resources in English<\/a><\/div>\n<\/div>\n<\/div><\/div>\n<\/div>\n\n\n\n<div class=\"wp-block-column is-layout-flow wp-block-column-is-layout-flow\">\n<div class=\"wp-block-cover is-light\" style=\"min-height:136px;aspect-ratio:unset;\"><img loading=\"lazy\" decoding=\"async\" width=\"640\" height=\"426\" class=\"wp-block-cover__image-background wp-image-554 size-full\" alt=\"\" src=\"https:\/\/vulnerablemission.org\/wp-content\/uploads\/2024\/06\/spain-flag-162428_640.png\" data-object-fit=\"cover\" srcset=\"https:\/\/vulnerablemission.org\/wp-content\/uploads\/2024\/06\/spain-flag-162428_640.png 640w, https:\/\/vulnerablemission.org\/wp-content\/uploads\/2024\/06\/spain-flag-162428_640-300x200.png 300w, https:\/\/vulnerablemission.org\/wp-content\/uploads\/2024\/06\/spain-flag-162428_640-18x12.png 18w\" sizes=\"auto, (max-width: 640px) 100vw, 640px\" \/><span aria-hidden=\"true\" class=\"wp-block-cover__background has-background-dim-30 has-background-dim\" style=\"background-color:#df8521\"><\/span><div class=\"wp-block-cover__inner-container is-layout-flow wp-block-cover-is-layout-flow\">\n<div class=\"wp-block-buttons is-content-justification-center is-layout-flex wp-container-core-buttons-is-layout-a89b3969 wp-block-buttons-is-layout-flex\">\n<div class=\"wp-block-button is-style-primary\"><a class=\"wp-block-button__link wp-element-button\" href=\"https:\/\/vulnerablemission.org\/de\/resources\/articulos-y-libros\/\">Textos y libros en espa\u00f1ol<\/a><\/div>\n<\/div>\n<\/div><\/div>\n<\/div>\n\n\n\n<div class=\"wp-block-column is-layout-flow wp-block-column-is-layout-flow\">\n<div class=\"wp-block-cover is-light is-style-default\" style=\"padding-right:var(--wp--preset--spacing--20);padding-left:var(--wp--preset--spacing--20);min-height:136px;aspect-ratio:unset;\"><img loading=\"lazy\" decoding=\"async\" width=\"640\" height=\"426\" class=\"wp-block-cover__image-background wp-image-548 size-full\" alt=\"\" src=\"https:\/\/vulnerablemission.org\/wp-content\/uploads\/2024\/06\/france-flag-162295_640.png\" data-object-fit=\"cover\" srcset=\"https:\/\/vulnerablemission.org\/wp-content\/uploads\/2024\/06\/france-flag-162295_640.png 640w, https:\/\/vulnerablemission.org\/wp-content\/uploads\/2024\/06\/france-flag-162295_640-300x200.png 300w, https:\/\/vulnerablemission.org\/wp-content\/uploads\/2024\/06\/france-flag-162295_640-18x12.png 18w\" sizes=\"auto, (max-width: 640px) 100vw, 640px\" \/><span aria-hidden=\"true\" class=\"wp-block-cover__background has-background-dim-30 has-background-dim\" style=\"background-color:#c998af\"><\/span><div class=\"wp-block-cover__inner-container is-layout-flow wp-block-cover-is-layout-flow\">\n<div class=\"wp-block-buttons is-content-justification-center is-layout-flex wp-container-core-buttons-is-layout-a89b3969 wp-block-buttons-is-layout-flex\">\n<div class=\"wp-block-button is-style-primary\"><a class=\"wp-block-button__link wp-element-button\" href=\"https:\/\/vulnerablemission.org\/de\/resources\/articles-et-livres-2\/\">Textes et livres en fran\u00e7ais <\/a><\/div>\n<\/div>\n<\/div><\/div>\n<\/div>\n<\/div>\n\n\n\n<div id=\"wp-block-themeisle-blocks-accordion-5e3d4758\" class=\"wp-block-themeisle-blocks-accordion exclusive has-light-active-title-bg is-style-default\">\n<details class=\"wp-block-themeisle-blocks-accordion-item\"><summary class=\"wp-block-themeisle-blocks-accordion-item__title\"><div><strong>Verletzliche Mission allgemein<\/strong><\/div><\/summary><div class=\"wp-block-themeisle-blocks-accordion-item__content\">\n<p><a href=\"https:\/\/vulnerablemission.org\/wp-content\/uploads\/2025\/08\/Grohmann_Jim-Harries-Konzept-von-Verletzlicher-Mission-im-Lichte-seiner-Kritiker.pdf\" target=\"_blank\" rel=\"noopener\" title=\"\"><strong>Grohmann, Marcus<\/strong> (2025). Dekolonial oder paternalistisch und eurozentrisch? Jim Harries\u2018 Konzept von Verletzlicher Mission im Lichte seiner Kritiker. <em>evangelische missiologie (em)<\/em> 41(2): 104-117.<\/a><\/p>\n\n\n\n<div style=\"height:20px\" aria-hidden=\"true\" class=\"wp-block-spacer\"><\/div>\n\n\n\n<p><a href=\"https:\/\/www.jim-mission.org.uk\/oldsite\/jim-mission.org.uk\/rundbrief\/Guehne2015_VM-%20Referat%20Marburg.pdf\" target=\"_blank\" rel=\"noopener nofollow\" title=\"\"><strong>G\u00fchne, Pfr. Christine<\/strong> (2015). Einf\u00fchrungsreferat zu \u201eVulnerable Mission\u201c. Vortrag bei der Tagung <em>&#8220;Verletzliche Mission<\/em>&#8221; am 9.5.2015 in Marburg.<\/a><\/p>\n\n\n\n<div style=\"height:20px\" aria-hidden=\"true\" class=\"wp-block-spacer\"><\/div>\n\n\n\n<p><a href=\"https:\/\/www.jim-mission.org.uk\/oldsite\/jim-mission.org.uk\/rundbrief\/Jim%20Harries-AVM-Alternative-zu-erfolglosen-Hilfsmodellen.pdf\" target=\"_blank\" rel=\"noopener nofollow\" title=\"\"><strong>Harries, Jim<\/strong>. <em>Verzichtende Mission: eine Alternative zu erfolglosen Hilfsmodellen \u2013 nicht nur in Afrika<\/em>.<\/a><\/p>\n\n\n\n<div style=\"height:20px\" aria-hidden=\"true\" class=\"wp-block-spacer\"><\/div>\n\n\n\n<p><a href=\"https:\/\/www.jim-mission.org.uk\/oldsite\/jim-mission.org.uk\/rundbrief\/Jim%20Harries-AVM-Normalisierung-von-Missionspraktiken-Lausanne-Impuls.pdf\" target=\"_blank\" rel=\"noopener nofollow\" title=\"\"><strong>Harries, Jim<\/strong>. <em>Verzichtende Mission \u2013 auf dem Weg zu einer<\/em> \u201eNormalisierung\u201c <em>christlicher Missionspraktiken in nachkolonialer Zeit<\/em>.<\/a><\/p>\n\n\n\n<div style=\"height:20px\" aria-hidden=\"true\" class=\"wp-block-spacer\"><\/div>\n\n\n\n<p><strong>Lidstone, Julyan<\/strong> (2023). <em>Legt den Purpur ab: Herausforderung zum Leiten ohne zu herrschen<\/em>. OM Books. (Verf\u00fcgbar bei <em><a href=\"https:\/\/www.amazon.de\/Legt-den-Purpur-Herausforderung-herrschen\/dp\/3947995202\/ref=sr_1_2?crid=3FZ5VBG80BVV7&amp;dib=eyJ2IjoiMSJ9.5mGys9m3KhNsvgTlQ6iHnCMH0yijWYSPe4Sk669lRv5RBi8I3rpuGOjW3aVSVUA-USoeeTRWs0UMrvtcA0GElSVeNUFDo2STkZiRkpkr6mY.Ugd8pBYUNrAP2RVFjfOIDi1-6TrZ5M2h_Yg3mYwD6tY&amp;dib_tag=se&amp;keywords=julyan+lidstone&amp;qid=1739777599&amp;sprefix=julyan+lidsto,aps,280&amp;sr=8-2&amp;language=de_DE&amp;currency=EUR\" target=\"_blank\" rel=\"noopener nofollow\" title=\"\">Amazon<\/a><\/em> und <em><a href=\"https:\/\/shop.om-deutschland.de\/produkt\/julyan-lidstone-legt-den-purpur-ab-herausforderung-zum-leiten-ohne-zu-herrschen\/\" target=\"_blank\" rel=\"noopener nofollow\" title=\"\">OM Deutschland<\/a><\/em>). Das Buch ist auch in Arabisch, Farsi, Mandarin and T\u00fcrkisch erh\u00e4ltlich. Eine eBook-Version in Arabisch und Farsi kann per <a href=\"mailto:frank.paul@ojc.de\" title=\"\"><span style=\"text-decoration: underline;\">E-mail<\/span><\/a> angefragt werden.<\/p>\n\n\n\n<div style=\"height:20px\" aria-hidden=\"true\" class=\"wp-block-spacer\"><\/div>\n\n\n\n<p><a href=\"https:\/\/vulnerablemission.org\/wp-content\/uploads\/2025\/05\/Mt-2818-20-G.Oblau_Ladet-in-eure-Lerngemeinschaften-ein.pdf\" target=\"_blank\" rel=\"noopener nofollow\" title=\"Mt 28,18-20 G.Oblau_Ladet in eure Lerngemeinschaften ein\"><strong>Oblau, Gotthard und W\u00e4hrisch-Oblau, Claudia<\/strong> (2024). Ladet in eure Lerngemeinschaften ein! Was wirklich im &#8220;Missionsbefehl&#8221; steht. In: W\u00e4hrisch-Oblau Claudia (Hrsg.) <em>Mission \u2013 geht\u2019s noch? Warum wir postkoloniale Perspektiven brauchen<\/em>. Neukirchener Verlag, 2024, S. 51-65. <\/a><\/p>\n\n\n\n<div style=\"height:20px\" aria-hidden=\"true\" class=\"wp-block-spacer\"><\/div>\n\n\n\n<p><a href=\"https:\/\/www.jim-mission.org.uk\/oldsite\/jim-mission.org.uk\/rundbrief\/FPaul_Aus%20Babel%20getuermt-vom%20Segen%20der%20sprachlichen%20Vielfalt%20im%20AT%20und%20NT.pdf\" target=\"_blank\" rel=\"noopener nofollow\" title=\"\"><strong>Paul, Frank<\/strong>. <em>Aus Babel get\u00fcrmt: Vom Segen der sprachlichen Vielfalt<\/em>.<\/a><\/p>\n\n\n\n<div style=\"height:20px\" aria-hidden=\"true\" class=\"wp-block-spacer\"><\/div>\n\n\n\n<p><strong>Schwartz, Glenn J.<\/strong> (2020). <em>Wenn N\u00e4chstenliebe klein macht: Finanzielle Abh\u00e4ngigkeit in Mission und Gemeinde \u00fcberwinden.<\/em> Cuxhaven: Neufeld. (Auf <em><a href=\"https:\/\/www.amazon.de\/Wenn-N%C3%A4chstenliebe-klein-macht-Abh%C3%A4ngigkeit\/dp\/3862561577\/ref=sr_1_1?__mk_de_DE=%C3%85M%C3%85%C5%BD%C3%95%C3%91&amp;crid=2MG98UWWW4JUC&amp;dib=eyJ2IjoiMSJ9.cgAjqmMf7y6TWpZoL17QhQIGEwxBVFEw4ynmCConqzrnO29g7ZgobfP8lkmfShc9.bfKAD2yqAQnto8HLdbs5W_TJE_Fn__G-fIW1HfrxXs0&amp;dib_tag=se&amp;keywords=schwartz+wenn+n%C3%A4chstenliebe+klein+macht&amp;qid=1757192674&amp;sprefix=schwartz+wenn+n%C3%A4chstenliebe+klein+mac%2Caps%2C272&amp;sr=8-1\" target=\"_blank\" rel=\"noopener nofollow\" title=\"\">Amazon <\/a><\/em>oder beim <em><a href=\"https:\/\/www.neufeld-verlag.de\/shop\/wenn-naechstenliebe-klein-macht\/\" target=\"_blank\" rel=\"noopener nofollow\" title=\"\">Neufeld-Verlag<\/a><\/em> ansehen).<\/p>\n\n\n\n<p><\/p>\n<\/div><\/details>\n\n\n\n<details class=\"wp-block-themeisle-blocks-accordion-item\"><summary class=\"wp-block-themeisle-blocks-accordion-item__title\"><div><strong>Verletzliche Mission in Deutschland &#8211; in der s\u00e4kularen oder Einwanderungsgesellschaft<\/strong><\/div><\/summary><div class=\"wp-block-themeisle-blocks-accordion-item__content\">\n<p><strong><span style=\"text-decoration: underline;\">Ausgew\u00e4hlte Artikel:<\/span><\/strong><\/p>\n\n\n\n<div id=\"wp-block-themeisle-blocks-advanced-columns-b1934dc5\" class=\"wp-block-themeisle-blocks-advanced-columns has-2-columns has-desktop-equal-layout has-tablet-equal-layout has-mobile-collapsedRows-layout has-vertical-unset\"><div class=\"wp-block-themeisle-blocks-advanced-columns-overlay\"><\/div><div class=\"innerblocks-wrap\">\n<div id=\"wp-block-themeisle-blocks-advanced-column-faaedaf0\" class=\"wp-block-themeisle-blocks-advanced-column\">\n<div id=\"wp-block-themeisle-blocks-flip-40b7b47c\" class=\"wp-block-themeisle-blocks-flip anim flipY\"><div class=\"o-flip-inner\"><div class=\"o-flip-front\"><div class=\"o-flip-content\"><h3>Belonging comes before Believing<\/h3><p>von Ute Paul  (2025)<\/p><\/div><\/div><div class=\"o-flip-back\">\n<h3 class=\"wp-block-heading\">Einblicke aus Gotha-West<\/h3>\n\n\n\n<p>Was geschieht, wenn das eigene Leben geteilt wird und man sich verletzlich den Fragen und Grenzen anderer aussetzt? Vertrauen kann wachsen und er\u00f6ffnet R\u00e4ume, in denen Zugeh\u00f6rigkeit vor dem Glauben wachsen kann.<\/p>\n\n\n\n<div class=\"wp-block-buttons is-content-justification-center is-layout-flex wp-container-core-buttons-is-layout-a89b3969 wp-block-buttons-is-layout-flex\">\n<div class=\"wp-block-button is-style-fill\"><a class=\"wp-block-button__link wp-element-button\" href=\"https:\/\/vulnerablemission.org\/wp-content\/uploads\/2026\/03\/Ute-Paul_Belonging-comes-before-Believing-Meilensteine-auf-dem-Weg-ins-Evangelium.pdf\">Zum Artikel<\/a><\/div>\n<\/div>\n<\/div><\/div><\/div>\n<\/div>\n\n\n\n<div id=\"wp-block-themeisle-blocks-advanced-column-ccb16a7a\" class=\"wp-block-themeisle-blocks-advanced-column\">\n<div id=\"wp-block-themeisle-blocks-flip-ec9a438e\" class=\"wp-block-themeisle-blocks-flip anim flipY\"><div class=\"o-flip-inner\"><div class=\"o-flip-front\"><div class=\"o-flip-content\"><h3>Es kommt ein Mensch zum Menschen<\/h3><p>von Michael Weimann (2025)<\/p><\/div><\/div><div class=\"o-flip-back\">\n<h3 class=\"wp-block-heading\">Mission im s\u00e4kularen Kontext<\/h3>\n\n\n\n<p>Mission bedeutet hier, Menschen nicht mit fertigen Antworten zu konfrontieren, sondern ihnen in Verletzlichkeit und Demut zu begegnen. So wird ehrliche Kommunikation m\u00f6glich und Gottes Liebe erfahrbar.<\/p>\n\n\n\n<div class=\"wp-block-buttons is-content-justification-center is-layout-flex wp-container-core-buttons-is-layout-a89b3969 wp-block-buttons-is-layout-flex\">\n<div class=\"wp-block-button is-style-fill\"><a class=\"wp-block-button__link wp-element-button\" href=\"https:\/\/vulnerablemission.org\/wp-content\/uploads\/2026\/03\/M.Weinmann_Es-kommt-ein-Mensch-zum-Menschen-VM-als-Haltung-1.pdf\" target=\"_blank\" rel=\"noreferrer noopener\">Zum Artikel<\/a><\/div>\n<\/div>\n<\/div><\/div><\/div>\n<\/div>\n<\/div><\/div>\n\n\n\n<div style=\"height:20px\" aria-hidden=\"true\" class=\"wp-block-spacer\"><\/div>\n\n\n\n<p><strong><span style=\"text-decoration: underline;\">Weitere Artikel:<\/span><\/strong><\/p>\n\n\n\n<p><a href=\"https:\/\/www.ojc-salzkorn.de\/artikel\/der-verletzliche-weg\" target=\"_blank\" rel=\"noopener nofollow\" title=\"\"><strong>Paul, Ute<\/strong> (2022). Der Verletzliche Weg: \u00dcber Mut, Mission, Menschsein. <em>OJC-Salzkorn<\/em> 3.<\/a><\/p>\n\n\n\n<div style=\"height:20px\" aria-hidden=\"true\" class=\"wp-block-spacer\"><\/div>\n\n\n\n<p><\/p>\n<\/div><\/details>\n\n\n\n<details class=\"wp-block-themeisle-blocks-accordion-item\"><summary class=\"wp-block-themeisle-blocks-accordion-item__title\"><div><strong>Verletzliche Mission international<\/strong><\/div><\/summary><div class=\"wp-block-themeisle-blocks-accordion-item__content\">\n<p><a href=\"https:\/\/www.academia.edu\/36642510\/Die_Herausforderungen_durch_ein_monistisches_Welt bild_und_die_Notwendigkeit_des_Gebrauchs_von_indigenen_Sprachen_und_Ressourcen_in_ Afrika\" target=\"_blank\" rel=\"noopener nofollow\" title=\"\"><strong>Harries, Jim<\/strong> (2018). Die Herausforderungen Durch Ein Monistisches Weltbild Und Die Notwendigkeit Des Gebrauchs von Indigenen Sprachen Und Ressourcen in Afrika. <em>evangelische missiologie (em)<\/em> 34 (1): 12\u201328.<\/a><\/p>\n\n\n\n<div style=\"height:20px\" aria-hidden=\"true\" class=\"wp-block-spacer\"><\/div>\n\n\n\n<p><a href=\"https:\/\/www.jim-mission.org.uk\/oldsite\/jim-mission.org.uk\/rundbrief\/Jean-Johnson-Was-ist-das-in-deiner-Hand.pdf\" target=\"_blank\" rel=\"noopener nofollow\" title=\"\"><strong>Johnson, Jean<\/strong>. \u201a<em>Was hast du in der Hand? \u2013 \u00dcber die Verwendung von Finanzen und anderen Ressourcen in christlicher Mission und Entwicklungszusammenarbeit<\/em>\u2018.<\/a><\/p>\n\n\n\n<div style=\"height:20px\" aria-hidden=\"true\" class=\"wp-block-spacer\"><\/div>\n\n\n\n<p><a href=\"https:\/\/www.jim-mission.org.uk\/oldsite\/jim-mission.org.uk\/rundbrief\/U&amp;F-Paul-Von-der-Kolonisierung.pdf\" target=\"_blank\" rel=\"noopener nofollow\" title=\"\"><strong>Paul, Frank und Paul, Ute<\/strong>. <em>Von der Kolonisierung zur<\/em> \u201egeschwisterlichen Begleitung\u201c.<\/a><\/p>\n\n\n\n<div style=\"height:20px\" aria-hidden=\"true\" class=\"wp-block-spacer\"><\/div>\n\n\n\n<p><strong>Paul, Frank und Paul, Ute<\/strong>. <em>Begleiten Statt Erobern &#8211; Missionare Als G\u00e4ste Im Nordargentinischen Chaco<\/em>. Schwarzenfeld: Neufeld Verlag, 2010. (Auf <em><a href=\"https:\/\/www.amazon.de\/Begleiten-statt-erobern-Ute-Paul\/dp\/3937896953\" target=\"_blank\" rel=\"noopener nofollow\" title=\"\">Amazon <\/a><\/em>oder beim <a href=\"https:\/\/www.neufeld-verlag.de\/shop\/begleiten-statt-erobern\/\" target=\"_blank\" rel=\"noopener nofollow\" title=\"\"><em>Neufeld-Verlag<\/em><\/a> ansehen).<\/p>\n\n\n\n<p><\/p>\n<\/div><\/details>\n<\/div>\n\n\n\n<div style=\"height:20px\" aria-hidden=\"true\" class=\"wp-block-spacer\"><\/div>\n\n\n\n<div style=\"height:20px\" aria-hidden=\"true\" class=\"wp-block-spacer\"><\/div>","protected":false},"excerpt":{"rendered":"<p>Hier finden sich Ressourcen zu verletzlicher Mission in weiteren Sprachen:<\/p>","protected":false},"author":2,"featured_media":0,"parent":481,"menu_order":0,"comment_status":"closed","ping_status":"closed","template":"","meta":{"give_campaign_id":0,"_themeisle_gutenberg_block_has_review":false,"footnotes":""},"class_list":["post-2723","page","type-page","status-publish","hentry"],"aioseo_notices":[],"campaignId":"","jetpack_sharing_enabled":true,"_links":{"self":[{"href":"https:\/\/vulnerablemission.org\/de\/wp-json\/wp\/v2\/pages\/2723","targetHints":{"allow":["GET"]}}],"collection":[{"href":"https:\/\/vulnerablemission.org\/de\/wp-json\/wp\/v2\/pages"}],"about":[{"href":"https:\/\/vulnerablemission.org\/de\/wp-json\/wp\/v2\/types\/page"}],"author":[{"embeddable":true,"href":"https:\/\/vulnerablemission.org\/de\/wp-json\/wp\/v2\/users\/2"}],"replies":[{"embeddable":true,"href":"https:\/\/vulnerablemission.org\/de\/wp-json\/wp\/v2\/comments?post=2723"}],"version-history":[{"count":10,"href":"https:\/\/vulnerablemission.org\/de\/wp-json\/wp\/v2\/pages\/2723\/revisions"}],"predecessor-version":[{"id":3123,"href":"https:\/\/vulnerablemission.org\/de\/wp-json\/wp\/v2\/pages\/2723\/revisions\/3123"}],"up":[{"embeddable":true,"href":"https:\/\/vulnerablemission.org\/de\/wp-json\/wp\/v2\/pages\/481"}],"wp:attachment":[{"href":"https:\/\/vulnerablemission.org\/de\/wp-json\/wp\/v2\/media?parent=2723"}],"curies":[{"name":"wp","href":"https:\/\/api.w.org\/{rel}","templated":true}]}}