{"id":2721,"date":"2025-05-01T20:16:03","date_gmt":"2025-05-01T20:16:03","guid":{"rendered":"https:\/\/vulnerablemission.org\/?page_id=2721"},"modified":"2025-09-12T20:30:02","modified_gmt":"2025-09-12T20:30:02","slug":"articulos-y-libros","status":"publish","type":"page","link":"https:\/\/vulnerablemission.org\/de\/resources\/articulos-y-libros\/","title":{"rendered":"Art\u00edculos y libros en espa\u00f1ol"},"content":{"rendered":"<div id=\"wp-block-themeisle-blocks-advanced-columns-4e0d671d\" class=\"wp-block-themeisle-blocks-advanced-columns alignfull has-1-columns has-desktop-equal-layout has-tablet-equal-layout has-mobile-equal-layout has-vertical-center ticss-7241d2d3\"><div class=\"wp-block-themeisle-blocks-advanced-columns-overlay\"><\/div><div class=\"innerblocks-wrap\">\n<div id=\"wp-block-themeisle-blocks-advanced-column-d4d96d4a\" class=\"wp-block-themeisle-blocks-advanced-column\">\n<h1 id=\"wp-block-themeisle-blocks-advanced-heading-6297c131\" class=\"wp-block-themeisle-blocks-advanced-heading wp-block-themeisle-blocks-advanced-heading-6297c131\">Art\u00edculos y libros en espa\u00f1ol<\/h1>\n<\/div>\n<\/div><\/div>\n\n\n\n<p class=\"has-text-align-center\">Aqu\u00ed puedes encontrar recursos relacionados con la misi\u00f3n vulnerable en otros idiomas:<\/p>\n\n\n\n<div class=\"wp-block-columns is-layout-flex wp-container-core-columns-is-layout-28718a20 wp-block-columns-is-layout-flex\" style=\"padding-right:var(--wp--preset--spacing--60);padding-left:var(--wp--preset--spacing--60)\">\n<div class=\"wp-block-column is-layout-flow wp-block-column-is-layout-flow\">\n<div class=\"wp-block-cover is-light\" style=\"min-height:136px;aspect-ratio:unset;\"><img loading=\"lazy\" decoding=\"async\" width=\"1280\" height=\"768\" class=\"wp-block-cover__image-background wp-image-2597\" alt=\"\" src=\"https:\/\/vulnerablemission.org\/wp-content\/uploads\/2025\/02\/Deutsche-Flagge.png\" style=\"object-position:49% 50%\" data-object-fit=\"cover\" data-object-position=\"49% 50%\" srcset=\"https:\/\/vulnerablemission.org\/wp-content\/uploads\/2025\/02\/Deutsche-Flagge.png 1280w, https:\/\/vulnerablemission.org\/wp-content\/uploads\/2025\/02\/Deutsche-Flagge-300x180.png 300w, https:\/\/vulnerablemission.org\/wp-content\/uploads\/2025\/02\/Deutsche-Flagge-1024x614.png 1024w, https:\/\/vulnerablemission.org\/wp-content\/uploads\/2025\/02\/Deutsche-Flagge-768x461.png 768w, https:\/\/vulnerablemission.org\/wp-content\/uploads\/2025\/02\/Deutsche-Flagge-18x12.png 18w\" sizes=\"auto, (max-width: 1280px) 100vw, 1280px\" \/><span aria-hidden=\"true\" class=\"wp-block-cover__background has-background-dim-30 has-background-dim\" style=\"background-color:#c37700\"><\/span><div class=\"wp-block-cover__inner-container is-layout-flow wp-block-cover-is-layout-flow\">\n<div class=\"wp-block-buttons is-content-justification-center is-layout-flex wp-container-core-buttons-is-layout-a89b3969 wp-block-buttons-is-layout-flex\">\n<div class=\"wp-block-button is-style-primary\"><a class=\"wp-block-button__link wp-element-button\" href=\"https:\/\/vulnerablemission.org\/de\/resources\/artikel-und-buecher\/\">Texte und B\u00fccher in Deutsch<\/a><\/div>\n<\/div>\n<\/div><\/div>\n<\/div>\n\n\n\n<div class=\"wp-block-column is-layout-flow wp-block-column-is-layout-flow\">\n<div class=\"wp-block-cover is-light is-style-default\" style=\"padding-right:var(--wp--preset--spacing--20);padding-left:var(--wp--preset--spacing--20);min-height:136px;aspect-ratio:unset;\"><img loading=\"lazy\" decoding=\"async\" width=\"1280\" height=\"674\" class=\"wp-block-cover__image-background wp-image-2594 size-full\" alt=\"\" src=\"https:\/\/vulnerablemission.org\/wp-content\/uploads\/2025\/02\/English.png\" data-object-fit=\"cover\" srcset=\"https:\/\/vulnerablemission.org\/wp-content\/uploads\/2025\/02\/English.png 1280w, https:\/\/vulnerablemission.org\/wp-content\/uploads\/2025\/02\/English-300x158.png 300w, https:\/\/vulnerablemission.org\/wp-content\/uploads\/2025\/02\/English-1024x539.png 1024w, https:\/\/vulnerablemission.org\/wp-content\/uploads\/2025\/02\/English-768x404.png 768w, https:\/\/vulnerablemission.org\/wp-content\/uploads\/2025\/02\/English-18x9.png 18w\" sizes=\"auto, (max-width: 1280px) 100vw, 1280px\" \/><span aria-hidden=\"true\" class=\"wp-block-cover__background has-background-dim-30 has-background-dim\" style=\"background-color:#ba94a2\"><\/span><div class=\"wp-block-cover__inner-container is-layout-flow wp-block-cover-is-layout-flow\">\n<div class=\"wp-block-buttons is-content-justification-center is-layout-flex wp-container-core-buttons-is-layout-a89b3969 wp-block-buttons-is-layout-flex\">\n<div class=\"wp-block-button is-style-primary\"><a class=\"wp-block-button__link wp-element-button\" href=\"https:\/\/vulnerablemission.org\/de\/resources\/articles-and-books\/\">Resources in English<\/a><\/div>\n<\/div>\n<\/div><\/div>\n<\/div>\n\n\n\n<div class=\"wp-block-column is-layout-flow wp-block-column-is-layout-flow\">\n<div class=\"wp-block-cover is-light is-style-default\" style=\"padding-right:var(--wp--preset--spacing--20);padding-left:var(--wp--preset--spacing--20);min-height:136px;aspect-ratio:unset;\"><img loading=\"lazy\" decoding=\"async\" width=\"640\" height=\"426\" class=\"wp-block-cover__image-background wp-image-548 size-full\" alt=\"\" src=\"https:\/\/vulnerablemission.org\/wp-content\/uploads\/2024\/06\/france-flag-162295_640.png\" data-object-fit=\"cover\" srcset=\"https:\/\/vulnerablemission.org\/wp-content\/uploads\/2024\/06\/france-flag-162295_640.png 640w, https:\/\/vulnerablemission.org\/wp-content\/uploads\/2024\/06\/france-flag-162295_640-300x200.png 300w, https:\/\/vulnerablemission.org\/wp-content\/uploads\/2024\/06\/france-flag-162295_640-18x12.png 18w\" sizes=\"auto, (max-width: 640px) 100vw, 640px\" \/><span aria-hidden=\"true\" class=\"wp-block-cover__background has-background-dim-30 has-background-dim\" style=\"background-color:#c998af\"><\/span><div class=\"wp-block-cover__inner-container is-layout-flow wp-block-cover-is-layout-flow\">\n<div class=\"wp-block-buttons is-content-justification-center is-layout-flex wp-container-core-buttons-is-layout-a89b3969 wp-block-buttons-is-layout-flex\">\n<div class=\"wp-block-button is-style-primary\"><a class=\"wp-block-button__link wp-element-button\" href=\"https:\/\/vulnerablemission.org\/de\/resources\/articles-et-livres-2\/\">Textes et livres en fran\u00e7ais <\/a><\/div>\n<\/div>\n<\/div><\/div>\n<\/div>\n<\/div>\n\n\n\n<p><a href=\"https:\/\/www.jim-mission.org.uk\/oldsite\/jim-mission.org.uk\/discussion\/chaco-spanish\/DByler_La%20grandeza.pdf\" target=\"_blank\" rel=\"noopener nofollow\" title=\"\"><strong>Byler, Dionisio<\/strong>. <em>La grandeza de un ser vulnerable<\/em>.<\/a><\/p>\n\n\n\n<div style=\"height:30px\" aria-hidden=\"true\" class=\"wp-block-spacer\"><\/div>\n\n\n\n<p><strong>Corbett, Steve y Fikkert, Brian. <\/strong>2022. <em>Cuando ayudar hace da\u00f1o: C\u00f3mo aliviar la pobreza sin lastimar a los pobres ni a uno mismo<\/em>. Vida. (Ver en <em><a href=\"https:\/\/www.amazon.de\/-\/en\/Cuando-ayudar-hace-da%C3%B1o-lastimar\/dp\/0829771794\/ref=sr_1_4?crid=1XVLCDSTVH5ZZ&amp;dib=eyJ2IjoiMSJ9._3ZxwM64-iJMiteRpsU55LNXzulQPqFZ40xBmm9JnMTQFALO4Lnr5O1UtD7i4sWWFBT2psH7baYFSqMJNrCyxbl2wfSJi2wiO7-SzuH4AL11nqjgeswSly_UkOz3IV3cRvXy6-RP7o2sqAwnanv4CeDNb_YVkY9eP7c03mcTGzThJ5eFaBQDG1N1Zgja1GHkr31-kawpq2Q6DyLDiGSL5hlcVGT3XyV-B65YdGiLlz8.OXYhDWnSQ6R6u3xGy3abukqnjYmkczzniX-UoUUskx4&amp;dib_tag=se&amp;keywords=corbett+fikkert&amp;nsdOptOutParam=true&amp;qid=1737383316&amp;sprefix=corbett+fikker%2Caps%2C269&amp;sr=8-4\" target=\"_blank\" rel=\"noopener nofollow\" title=\"\">Amazon<\/a><\/em>).<\/p>\n\n\n\n<div style=\"height:30px\" aria-hidden=\"true\" class=\"wp-block-spacer\"><\/div>\n\n\n\n<p><a href=\"https:\/\/www.jim-mission.org.uk\/oldsite\/jim-mission.org.uk\/discussion\/chaco-spanish\/diez-razones.pdf\" target=\"_blank\" rel=\"noopener nofollow\" title=\"\"><strong>Greenfield, Craig<\/strong>. <em>Diez razones por qu\u00e9 sus buenas intenciones de combatir la pobreza son contraproducentes<\/em>.<\/a><\/p>\n\n\n\n<div style=\"height:30px\" aria-hidden=\"true\" class=\"wp-block-spacer\"><\/div>\n\n\n\n<p><a href=\"https:\/\/www.jim-mission.org.uk\/oldsite\/jim-mission.org.uk\/discussion\/chaco-spanish\/JHarries-Misionvulnerable-con-respecto-a-la-hechiceria-en-africa.pdf\" target=\"_blank\" rel=\"noopener nofollow\" title=\"\"><strong>Harries, Jim<\/strong>. <em>Misi\u00f3n vulnerable con respecto a la hechicer\u00eda<\/em>.<\/a><\/p>\n\n\n\n<div style=\"height:30px\" aria-hidden=\"true\" class=\"wp-block-spacer\"><\/div>\n\n\n\n<p><a href=\"https:\/\/www.jim-mission.org.uk\/oldsite\/jim-mission.org.uk\/discussion\/chaco-spanish\/JHarries-Misio%CC%81n-Vulnerable-normalizacion-2017-1.pdf\" target=\"_blank\" rel=\"noopener nofollow\" title=\"\"><strong>Harries, Jim<\/strong>. <em>Una \u201cnormalizaci\u00f3n\u201c de las pr\u00e1cticas de la Misi\u00f3n Cristiana en anticipaci\u00f3n a una situaci\u00f3n post-colonial<\/em>.<\/a><\/p>\n\n\n\n<div style=\"height:30px\" aria-hidden=\"true\" class=\"wp-block-spacer\"><\/div>\n\n\n\n<div id=\"wp-block-themeisle-blocks-advanced-columns-8f63be5e\" class=\"wp-block-themeisle-blocks-advanced-columns has-2-columns has-desktop-oneTwo-layout has-tablet-equal-layout has-mobile-collapsedRows-layout has-vertical-unset\"><div class=\"wp-block-themeisle-blocks-advanced-columns-overlay\"><\/div><div class=\"innerblocks-wrap\">\n<div id=\"wp-block-themeisle-blocks-advanced-column-d588064a\" class=\"wp-block-themeisle-blocks-advanced-column\">\n<figure class=\"wp-block-image size-full\"><a href=\"https:\/\/edicioneskairos.com.ar\/producto\/mision-sin-conquista\/\" target=\"_blank\" rel=\" noreferrer noopener\"><img loading=\"lazy\" decoding=\"async\" width=\"458\" height=\"652\" src=\"https:\/\/vulnerablemission.org\/wp-content\/uploads\/2025\/09\/Screenshot-2025-09-06-224329.png\" alt=\"\" class=\"wp-image-2867\" srcset=\"https:\/\/vulnerablemission.org\/wp-content\/uploads\/2025\/09\/Screenshot-2025-09-06-224329.png 458w, https:\/\/vulnerablemission.org\/wp-content\/uploads\/2025\/09\/Screenshot-2025-09-06-224329-211x300.png 211w, https:\/\/vulnerablemission.org\/wp-content\/uploads\/2025\/09\/Screenshot-2025-09-06-224329-8x12.png 8w\" sizes=\"auto, (max-width: 458px) 100vw, 458px\" \/><\/a><\/figure>\n<\/div>\n\n\n\n<div id=\"wp-block-themeisle-blocks-advanced-column-6726388e\" class=\"wp-block-themeisle-blocks-advanced-column\">\n<p class=\"has-text-align-center\"><a href=\"https:\/\/edicioneskairos.com.ar\/producto\/mision-sin-conquista\/\" target=\"_blank\" rel=\"noopener nofollow\" title=\"\"><strong><em>Misi\u00f3n sin Conquista.<\/em><\/strong><br>Acompa\u00f1amiento de comunidades ind\u00edgenas aut\u00f3ctonas como pr\u00e1ctica misionera alternativa<br><em><em>Willis <em>Horst, Ute Mueller-Eckhardt, y Frank Paul<\/em><\/em><\/em><br>(Buenos Aires: Ediciones Kair\u00f3s, 2009)<\/a><\/p>\n\n\n\n<p class=\"has-text-align-center\">A trav\u00e9s de los siglos la iglesia de Jesucristo va buscando c\u00f3mo llevar adelante la tarea de hacer conocer el evangelio en todo el mundo:&nbsp; maneras eficaces que a la vez sean fieles al estilo de presencia que viv\u00eda y ense\u00f1aba Jes\u00fas. Cada vez m\u00e1s, va tomando conciencia de la necesidad de evitar pr\u00e1cticas paternalistas, colonizadoras o conquistadoras. Ante los horrores cometidos en el nombre de Cristo durante la hist\u00f3rica conquista de Am\u00e9rica, la misi\u00f3n entre pueblos ind\u00edgenas exige tal sensibilidad.<\/p>\n<\/div>\n<\/div><\/div>\n\n\n\n<div style=\"height:30px\" aria-hidden=\"true\" class=\"wp-block-spacer\"><\/div>\n\n\n\n<p><a href=\"https:\/\/www.jim-mission.org.uk\/oldsite\/jim-mission.org.uk\/discussion\/chaco-spanish\/Ch-Little-Dos-bicicletas-efecto-de-un-acto-de-generosidad.pdf\" target=\"_blank\" rel=\"noopener nofollow\" title=\"\"><strong>Little, Christopher<\/strong>. <em>Dos bicicletas que dividieron una iglesia<\/em>.<\/a><\/p>\n\n\n\n<div style=\"height:30px\" aria-hidden=\"true\" class=\"wp-block-spacer\"><\/div>\n\n\n\n<p><a href=\"https:\/\/vulnerablemission.org\/wp-content\/uploads\/2025\/01\/StNussbaum-ESTRATEGIAS-PARA-una-MISION-VULNERABLE.pdf\" target=\"_blank\" rel=\"noopener\" title=\"Nussbaum, Stan. Estrategias para una mision vulnerable.\"><strong>Nussbaum, Stan<\/strong>. <em>Estrategias para una mision vulnerable.<\/em><\/a><\/p>\n\n\n\n<div style=\"height:30px\" aria-hidden=\"true\" class=\"wp-block-spacer\"><\/div>\n\n\n\n<p><a href=\"https:\/\/vulnerablemission.org\/wp-content\/uploads\/2025\/01\/Ute-y-Frank-Paul_Mision-Vulnerable-en-America-Latina-La-fuerza-revitalizadora-de-una-mision-sin-conquista.pdf\" target=\"_blank\" rel=\"noopener\" title=\"Ute y Frank Paul Mision Vulnerable en America Latina - La fuerza revitalizadora de una misi\u00f3n sin conquista\"><strong>Paul, <strong><a href=\"https:\/\/vulnerablemission.org\/wp-content\/uploads\/2025\/01\/Ute-y-Frank-Paul_Aprendiendo-mision-vulnerable-en-Argentina.pdf\" target=\"_blank\" rel=\"noopener\" title=\"Ute y Frank Paul. Aprendiendo misi\u00f3n vulnerable en Argentina \u2013 para poder ser colaboradores de su gozo, no se\u00f1ores de su fe\">Ute y Frank<\/a><\/strong><\/strong><\/a>.<a href=\"https:\/\/vulnerablemission.org\/wp-content\/uploads\/2025\/01\/Ute-y-Frank-Paul_Mision-Vulnerable-en-America-Latina-La-fuerza-revitalizadora-de-una-mision-sin-conquista.pdf\" target=\"_blank\" rel=\"noopener\" title=\"Ute y Frank Paul Mision Vulnerable en America Latina - La fuerza revitalizadora de una misi\u00f3n sin conquista\"> <em>Mision Vulnerable en America Latina &#8211; La fuerza revitalizadora de una misi\u00f3n sin conquista<\/em><\/a>.<\/p>\n\n\n\n<div style=\"height:30px\" aria-hidden=\"true\" class=\"wp-block-spacer\"><\/div>\n\n\n\n<p><strong><a href=\"https:\/\/vulnerablemission.org\/wp-content\/uploads\/2025\/01\/Ute-y-Frank-Paul_Aprendiendo-mision-vulnerable-en-Argentina.pdf\" target=\"_blank\" rel=\"noopener\" title=\"Ute y Frank Paul. Aprendiendo misi\u00f3n vulnerable en Argentina \u2013 para poder ser colaboradores de su gozo, no se\u00f1ores de su fe\">Paul, <strong><a href=\"https:\/\/vulnerablemission.org\/wp-content\/uploads\/2025\/01\/Ute-y-Frank-Paul_Aprendiendo-mision-vulnerable-en-Argentina.pdf\" target=\"_blank\" rel=\"noopener\" title=\"Ute y Frank Paul. Aprendiendo misi\u00f3n vulnerable en Argentina \u2013 para poder ser colaboradores de su gozo, no se\u00f1ores de su fe\">Ute y Frank<\/a><\/strong>. <\/a><\/strong><em><a href=\"https:\/\/vulnerablemission.org\/wp-content\/uploads\/2025\/01\/Ute-y-Frank-Paul_Aprendiendo-mision-vulnerable-en-Argentina.pdf\" target=\"_blank\" rel=\"noopener\" title=\"Ute y Frank Paul. Aprendiendo misi\u00f3n vulnerable en Argentina \u2013 para poder ser colaboradores de su gozo, no se\u00f1ores de su fe\">Aprendiendo misi\u00f3n vulnerable en Argentina \u2013 para poder ser colaboradores de su gozo, no se\u00f1ores de su fe<\/a><\/em>.<\/p>\n\n\n\n<div style=\"height:30px\" aria-hidden=\"true\" class=\"wp-block-spacer\"><\/div>\n\n\n\n<p><strong>Schwartz, Glenn J. <\/strong>2018. Cuando la caridad destruye la dignidad: Venciendo la da\u00f1ina dependencia en el movimiento cristiano. AuthorHouse. (Ver en <em><a href=\"https:\/\/www.amazon.de\/-\/en\/Cuando-caridad-destruye-dignidad-dependencia\/dp\/1546221352\/ref=sr_1_8?crid=37FEWJ5W1KZST&amp;dib=eyJ2IjoiMSJ9.eVY6ZniM9_0fNHhPLdC4izfqazEiJ2A8HnxsV4gA3w9JKm2Z-R2-PmTNcUIoSFsy4-e8K0Moel8obmTA-iRtiweKuDAbvlZqItawGO7xpKsc9PSn1_6wYZsFmYvu-T3oh7b-vdVuO93nHUyii0mS9fwaROzJTvTr-aHxvDYxOgLLD1Uh1nELTQC5kw_5b4TsNfSP0NtpAMpb0NaXFo_dVHgnheaRnrKW3CjceF9N5vg.nx0tzupVcNOLD3maIvv1ze7MyFS8_6JNQzNuKMCzDS4&amp;dib_tag=se&amp;keywords=glenn+schwartz&amp;nsdOptOutParam=true&amp;qid=1737383385&amp;sprefix=glenn+schwartz%2Caps%2C263&amp;sr=8-8\" target=\"_blank\" rel=\"noopener nofollow\" title=\"\">Amazon<\/a><\/em>).<\/p>\n\n\n\n<p><\/p>","protected":false},"excerpt":{"rendered":"<p>Aqu\u00ed puedes encontrar recursos relacionados con la misi\u00f3n vulnerable en otros idiomas: Byler, Dionisio. La grandeza de un ser vulnerable. Corbett, Steve y Fikkert, Brian. 2022. Cuando ayudar hace da\u00f1o: C\u00f3mo aliviar la pobreza sin lastimar a los pobres ni a uno mismo. Vida. (Ver en Amazon). Greenfield, Craig. Diez razones por qu\u00e9 sus buenas [&hellip;]<\/p>\n","protected":false},"author":2,"featured_media":0,"parent":481,"menu_order":0,"comment_status":"closed","ping_status":"closed","template":"","meta":{"give_campaign_id":0,"_themeisle_gutenberg_block_has_review":false,"footnotes":""},"class_list":["post-2721","page","type-page","status-publish","hentry"],"aioseo_notices":[],"campaignId":"","jetpack_sharing_enabled":true,"_links":{"self":[{"href":"https:\/\/vulnerablemission.org\/de\/wp-json\/wp\/v2\/pages\/2721","targetHints":{"allow":["GET"]}}],"collection":[{"href":"https:\/\/vulnerablemission.org\/de\/wp-json\/wp\/v2\/pages"}],"about":[{"href":"https:\/\/vulnerablemission.org\/de\/wp-json\/wp\/v2\/types\/page"}],"author":[{"embeddable":true,"href":"https:\/\/vulnerablemission.org\/de\/wp-json\/wp\/v2\/users\/2"}],"replies":[{"embeddable":true,"href":"https:\/\/vulnerablemission.org\/de\/wp-json\/wp\/v2\/comments?post=2721"}],"version-history":[{"count":7,"href":"https:\/\/vulnerablemission.org\/de\/wp-json\/wp\/v2\/pages\/2721\/revisions"}],"predecessor-version":[{"id":2907,"href":"https:\/\/vulnerablemission.org\/de\/wp-json\/wp\/v2\/pages\/2721\/revisions\/2907"}],"up":[{"embeddable":true,"href":"https:\/\/vulnerablemission.org\/de\/wp-json\/wp\/v2\/pages\/481"}],"wp:attachment":[{"href":"https:\/\/vulnerablemission.org\/de\/wp-json\/wp\/v2\/media?parent=2721"}],"curies":[{"name":"wp","href":"https:\/\/api.w.org\/{rel}","templated":true}]}}