{"id":2583,"date":"2025-02-14T21:13:19","date_gmt":"2025-02-14T21:13:19","guid":{"rendered":"https:\/\/vulnerablemission.org\/?page_id=2583"},"modified":"2025-02-14T21:33:57","modified_gmt":"2025-02-14T21:33:57","slug":"was-ist-verletzliche-mission","status":"publish","type":"page","link":"https:\/\/vulnerablemission.org\/de\/resources\/vm-explained\/was-ist-verletzliche-mission\/","title":{"rendered":"Was ist Verletzliche Mission?"},"content":{"rendered":"<div id=\"wp-block-themeisle-blocks-advanced-columns-4e0d671d\" class=\"wp-block-themeisle-blocks-advanced-columns alignfull has-1-columns has-desktop-equal-layout has-tablet-equal-layout has-mobile-equal-layout has-vertical-center ticss-7241d2d3\"><div class=\"wp-block-themeisle-blocks-advanced-columns-overlay\"><\/div><div class=\"innerblocks-wrap\">\n<div id=\"wp-block-themeisle-blocks-advanced-column-d4d96d4a\" class=\"wp-block-themeisle-blocks-advanced-column\">\n<h2 id=\"wp-block-themeisle-blocks-advanced-heading-6297c131\" class=\"wp-block-themeisle-blocks-advanced-heading wp-block-themeisle-blocks-advanced-heading-6297c131\">Was ist Verletzliche Mission?<\/h2>\n<\/div>\n<\/div><\/div>\n\n\n\n<p class=\"has-text-align-center\">F\u00fcr die englischsprachigen Videos bitte <a href=\"https:\/\/vulnerablemission.org\/de\/resources\/vm-explained\/what-is-vulnerable-mission\/\" title=\"What is Vulnerable Mission?\">hier<\/a><a href=\"https:\/\/vulnerablemission.org\/de\/resources\/vm-explained\/what-is-vulnerable-mission\/\" title=\"r \"> <\/a>klicken.<\/p>\n\n\n\n<div id=\"wp-block-themeisle-blocks-advanced-columns-dab8714d\" class=\"wp-block-themeisle-blocks-advanced-columns alignfull has-2-columns has-desktop-equal-layout has-tablet-equal-layout has-mobile-collapsedRows-layout has-vertical-center sm-separator has-light-bg\"><div class=\"wp-block-themeisle-blocks-advanced-columns-overlay\"><\/div><div class=\"innerblocks-wrap\">\n<div id=\"wp-block-themeisle-blocks-advanced-column-cc2d076a\" class=\"wp-block-themeisle-blocks-advanced-column\">\n<figure class=\"wp-block-embed is-type-video is-provider-youtube wp-block-embed-youtube wp-embed-aspect-16-9 wp-has-aspect-ratio\"><div class=\"wp-block-embed__wrapper\">\n<iframe loading=\"lazy\" title=\"\u00dcber Chancen, Anforderungen und Grenzen Verletzlicher Mission: Ein Praktiker erz\u00e4hlt\" width=\"500\" height=\"281\" src=\"https:\/\/www.youtube.com\/embed\/1WZsSDCbrI0?feature=oembed\" frameborder=\"0\" allow=\"accelerometer; autoplay; clipboard-write; encrypted-media; gyroscope; picture-in-picture; web-share\" referrerpolicy=\"strict-origin-when-cross-origin\" allowfullscreen><\/iframe>\n<\/div><\/figure>\n<\/div>\n\n\n\n<div id=\"wp-block-themeisle-blocks-advanced-column-3366b9b6\" class=\"wp-block-themeisle-blocks-advanced-column\">\n<h3 class=\"wp-block-heading has-x-large-font-size\">Die Perspektiven eines Praktikers auf Verletzliche Mission<\/h3>\n\n\n\n<hr class=\"wp-block-separator has-text-color has-alpha-channel-opacity has-background is-style-wide\" style=\"background-color:#1f2025;color:#1f2025\"\/>\n\n\n\n<h4 class=\"wp-block-heading has-large-font-size\">Frank Paul<\/h4>\n\n\n\n<p>Mitglied des Beirats der AVM<\/p>\n<\/div>\n<\/div><\/div>\n\n\n\n<div id=\"wp-block-themeisle-blocks-advanced-columns-944204c2\" class=\"wp-block-themeisle-blocks-advanced-columns alignfull has-2-columns has-desktop-equal-layout has-tablet-equal-layout has-mobile-collapsedRows-layout has-vertical-center sm-separator has-light-bg\"><div class=\"wp-block-themeisle-blocks-advanced-columns-overlay\"><\/div><div class=\"innerblocks-wrap\">\n<div id=\"wp-block-themeisle-blocks-advanced-column-468b0c24\" class=\"wp-block-themeisle-blocks-advanced-column\">\n<h3 class=\"wp-block-heading has-x-large-font-size\">Missionsans\u00e4tze \u00fcberdenken &#8211; Reproduzierbarkeit st\u00e4rken<\/h3>\n\n\n\n<hr class=\"wp-block-separator has-text-color has-alpha-channel-opacity has-background is-style-wide\" style=\"background-color:#1f2025;color:#1f2025\"\/>\n\n\n\n<h4 class=\"wp-block-heading has-large-font-size\">Manuel Becker<\/h4>\n\n\n\n<p>Missionar in Thailand<\/p>\n<\/div>\n\n\n\n<div id=\"wp-block-themeisle-blocks-advanced-column-fd7438c0\" class=\"wp-block-themeisle-blocks-advanced-column\">\n<figure class=\"wp-block-embed is-type-video is-provider-youtube wp-block-embed-youtube wp-embed-aspect-16-9 wp-has-aspect-ratio\"><div class=\"wp-block-embed__wrapper\">\n<iframe loading=\"lazy\" title=\"Missionsans\u00e4tze \u00fcberdenken - Reproduzierbarkeit st\u00e4rken\" width=\"500\" height=\"281\" src=\"https:\/\/www.youtube.com\/embed\/jtILxzoIhn0?feature=oembed\" frameborder=\"0\" allow=\"accelerometer; autoplay; clipboard-write; encrypted-media; gyroscope; picture-in-picture; web-share\" referrerpolicy=\"strict-origin-when-cross-origin\" allowfullscreen><\/iframe>\n<\/div><\/figure>\n<\/div>\n<\/div><\/div>\n\n\n\n<p><\/p>","protected":false},"excerpt":{"rendered":"<p>F\u00fcr die englischsprachigen Videos bitte hier klicken.<\/p>","protected":false},"author":2,"featured_media":0,"parent":1956,"menu_order":0,"comment_status":"closed","ping_status":"closed","template":"","meta":{"give_campaign_id":0,"_themeisle_gutenberg_block_has_review":false,"footnotes":""},"class_list":["post-2583","page","type-page","status-publish","hentry"],"aioseo_notices":[],"campaignId":"","jetpack_sharing_enabled":true,"_links":{"self":[{"href":"https:\/\/vulnerablemission.org\/de\/wp-json\/wp\/v2\/pages\/2583","targetHints":{"allow":["GET"]}}],"collection":[{"href":"https:\/\/vulnerablemission.org\/de\/wp-json\/wp\/v2\/pages"}],"about":[{"href":"https:\/\/vulnerablemission.org\/de\/wp-json\/wp\/v2\/types\/page"}],"author":[{"embeddable":true,"href":"https:\/\/vulnerablemission.org\/de\/wp-json\/wp\/v2\/users\/2"}],"replies":[{"embeddable":true,"href":"https:\/\/vulnerablemission.org\/de\/wp-json\/wp\/v2\/comments?post=2583"}],"version-history":[{"count":5,"href":"https:\/\/vulnerablemission.org\/de\/wp-json\/wp\/v2\/pages\/2583\/revisions"}],"predecessor-version":[{"id":2592,"href":"https:\/\/vulnerablemission.org\/de\/wp-json\/wp\/v2\/pages\/2583\/revisions\/2592"}],"up":[{"embeddable":true,"href":"https:\/\/vulnerablemission.org\/de\/wp-json\/wp\/v2\/pages\/1956"}],"wp:attachment":[{"href":"https:\/\/vulnerablemission.org\/de\/wp-json\/wp\/v2\/media?parent=2583"}],"curies":[{"name":"wp","href":"https:\/\/api.w.org\/{rel}","templated":true}]}}