{"id":2544,"date":"2025-02-11T06:40:12","date_gmt":"2025-02-11T06:40:12","guid":{"rendered":"https:\/\/vulnerablemission.org\/?page_id=2544"},"modified":"2025-03-07T06:50:57","modified_gmt":"2025-03-07T06:50:57","slug":"safeguarding","status":"publish","type":"page","link":"https:\/\/vulnerablemission.org\/de\/about\/safeguarding\/","title":{"rendered":"Schutzerkl\u00e4rung"},"content":{"rendered":"<div id=\"wp-block-themeisle-blocks-advanced-columns-4e0d671d\" class=\"wp-block-themeisle-blocks-advanced-columns alignfull has-1-columns has-desktop-equal-layout has-tablet-equal-layout has-mobile-equal-layout has-vertical-center ticss-7241d2d3\"><div class=\"wp-block-themeisle-blocks-advanced-columns-overlay\"><\/div><div class=\"innerblocks-wrap\">\n<div id=\"wp-block-themeisle-blocks-advanced-column-d4d96d4a\" class=\"wp-block-themeisle-blocks-advanced-column\">\n<h1 id=\"wp-block-themeisle-blocks-advanced-heading-6297c131\" class=\"wp-block-themeisle-blocks-advanced-heading wp-block-themeisle-blocks-advanced-heading-6297c131\">Schutzerkl\u00e4rung<\/h1>\n<\/div>\n<\/div><\/div>\n\n\n\n<p>Wir glauben, dass alle Menschen wertvoll sind und sowohl Respekt als auch F\u00fcrsorge verdienen, weil sie im Ebenbild Gottes geschaffen sind. Wir glauben, dass Gott der Verteidiger der Schwachen und Verwundbaren ist und dass der Herr Jesus alle Kinder liebt und sch\u00e4tzt.<\/p>\n\n\n\n<p>Wir glauben, dass wir eine Verantwortung vor Gott haben, Kindern und schutzbed\u00fcrftigen Erwachsenen, denen wir begegnen, F\u00fcrsorge zu zeigen und sie vor Schaden zu bewahren. Wir erkennen, dass dieser Schaden absichtlich oder unabsichtlich sein kann und von einem Elternteil, einem anderen Erwachsenen oder Kind oder sogar von den eigenen Handlungen des Kindes ausgehen kann.<\/p>\n\n\n\n<p>Diese Schutzrichtlinie soll das Risiko verringern, dass Kinder und andere gef\u00e4hrdete Personen, mit denen wir in Kontakt kommen, Schaden nehmen.<\/p>\n\n\n\n<p>Wir erwarten, dass jede Person mit W\u00fcrde, F\u00fcrsorge und Respekt behandelt wird. Alle sollten sich ernsthaft bem\u00fchen, schutzbed\u00fcrftige Menschen vor Schaden zu bewahren und Bedenken und Fragen der Sicherheit ernsthaft nachzugehen. Dies schlie\u00dft m\u00f6glichen k\u00f6rperlichen, sexuellen und emotionalen Schaden ein, wie auch Selbstverletzung und Vernachl\u00e4ssigung.<\/p>\n\n\n\n<p class=\"has-text-align-center has-background-alt-background-color has-background\">Bei Fragen oder Bedenken, kontaktieren Sie bitte <a href=\"mailto:safeguarding@vulnerablemission.org\" title=\"\">safeguarding@vulnerablemission.org<\/a><\/p>\n\n\n\n<p><\/p>","protected":false},"excerpt":{"rendered":"<p>We believe that all people are valuable and worthy of both respect and care, because they are made in the image of God. We believe that God is the defender of the vulnerable and that the Lord Jesus cares for and values all children. We believe we have a responsibility, before God, to care for [&hellip;]<\/p>\n","protected":false},"author":2,"featured_media":0,"parent":151,"menu_order":0,"comment_status":"closed","ping_status":"closed","template":"","meta":{"give_campaign_id":0,"_themeisle_gutenberg_block_has_review":false,"footnotes":""},"class_list":["post-2544","page","type-page","status-publish","hentry"],"aioseo_notices":[],"campaignId":"","jetpack_sharing_enabled":true,"_links":{"self":[{"href":"https:\/\/vulnerablemission.org\/de\/wp-json\/wp\/v2\/pages\/2544","targetHints":{"allow":["GET"]}}],"collection":[{"href":"https:\/\/vulnerablemission.org\/de\/wp-json\/wp\/v2\/pages"}],"about":[{"href":"https:\/\/vulnerablemission.org\/de\/wp-json\/wp\/v2\/types\/page"}],"author":[{"embeddable":true,"href":"https:\/\/vulnerablemission.org\/de\/wp-json\/wp\/v2\/users\/2"}],"replies":[{"embeddable":true,"href":"https:\/\/vulnerablemission.org\/de\/wp-json\/wp\/v2\/comments?post=2544"}],"version-history":[{"count":3,"href":"https:\/\/vulnerablemission.org\/de\/wp-json\/wp\/v2\/pages\/2544\/revisions"}],"predecessor-version":[{"id":2631,"href":"https:\/\/vulnerablemission.org\/de\/wp-json\/wp\/v2\/pages\/2544\/revisions\/2631"}],"up":[{"embeddable":true,"href":"https:\/\/vulnerablemission.org\/de\/wp-json\/wp\/v2\/pages\/151"}],"wp:attachment":[{"href":"https:\/\/vulnerablemission.org\/de\/wp-json\/wp\/v2\/media?parent=2544"}],"curies":[{"name":"wp","href":"https:\/\/api.w.org\/{rel}","templated":true}]}}