{"id":1704,"date":"2024-10-26T10:19:26","date_gmt":"2024-10-26T10:19:26","guid":{"rendered":"https:\/\/avmw.ats-test.co.uk\/?page_id=1704"},"modified":"2024-12-12T15:11:26","modified_gmt":"2024-12-12T15:11:26","slug":"about-us-our-vision","status":"publish","type":"page","link":"https:\/\/vulnerablemission.org\/de\/about\/about-us\/about-us-our-vision\/","title":{"rendered":"Unsere Vision"},"content":{"rendered":"<div id=\"wp-block-themeisle-blocks-advanced-columns-4e0d671d\" class=\"wp-block-themeisle-blocks-advanced-columns alignfull has-1-columns has-desktop-equal-layout has-tablet-equal-layout has-mobile-equal-layout has-vertical-center ticss-7241d2d3\"><div class=\"wp-block-themeisle-blocks-advanced-columns-overlay\"><\/div><div class=\"innerblocks-wrap\">\n<div id=\"wp-block-themeisle-blocks-advanced-column-d4d96d4a\" class=\"wp-block-themeisle-blocks-advanced-column\">\n<h1 id=\"wp-block-themeisle-blocks-advanced-heading-6297c131\" class=\"wp-block-themeisle-blocks-advanced-heading wp-block-themeisle-blocks-advanced-heading-6297c131\">\u00dcber uns<\/h1>\n<\/div>\n<\/div><\/div>\n\n\n\n<p><\/p>\n\n\n\n<div id=\"wp-block-themeisle-blocks-advanced-columns-35825447\" class=\"wp-block-themeisle-blocks-advanced-columns alignfull has-2-columns has-desktop-equal-layout has-tablet-equal-layout has-mobile-collapsedRows-layout has-vertical-center ticss-c00aadba\"><div class=\"wp-block-themeisle-blocks-advanced-columns-overlay\"><\/div><div class=\"innerblocks-wrap\">\n<div id=\"wp-block-themeisle-blocks-advanced-column-ed1b12ac\" class=\"wp-block-themeisle-blocks-advanced-column\">\n<h2 id=\"wp-block-themeisle-blocks-advanced-heading-8f3ca166\" class=\"wp-block-themeisle-blocks-advanced-heading wp-block-themeisle-blocks-advanced-heading-8f3ca166\">Unsere Vision<\/h2>\n\n\n\n<p>Es ist unsere gro\u00dfe Hoffnung, dass Verletzliche Mission einen fundierten Beitrag zu den vielseitigen Bem\u00fchungen f\u00fcr eine Transformation und \u201eDekolonisierung\u201c von Missionsans\u00e4tzen, kirchlichen Partnerschaften, von Entwicklung und Forschung leisten kann.<\/p>\n\n\n\n<p>Die AVM strebt eine breitere Anwendung von Missions- und Entwicklungsans\u00e4tzen an, die auf lokal verf\u00fcgbaren Ressourcen und einheimischen Sprachen beruhen. Solche Strategien k\u00f6nnen bedeuten, dass Fortschritt nur langsam stattfindet. Sie k\u00f6nnen bedeuten, dass Misserfolge und sogar Ablehnung in Kauf genommen werden m\u00fcssen, weil Menschen vor Ort, ihr Glaube und ihre F\u00e4higkeiten wertgesch\u00e4tzt und ernstgenommen werden. Die Aussage von Paulus: \u201eWenn ich schwach bin, dann bin ich stark\u201c (2. Korinther 12,10) erinnert uns daran, dass Gottes Priorit\u00e4ten oft anders sind als unsere eigenen. <\/p>\n\n\n\n<p>Verletzliche Mission kann als Teil der Bewegung zur Kontextualisierung des Evangeliums von Jesus gesehen werden. Wir w\u00fcnschen uns, dass mehr Menschen die mit Kontextualisierung und Verletzlichkeit verbundenen Risiken eingehen. Auch wenn Verletzliche Mission nicht der einzige biblische Ansatz f\u00fcr Mission ist, so verdient er doch viel mehr Aufmerksamkeit, als er bisher erhalten hat.<\/p>\n\n\n\n<div style=\"height:100px\" aria-hidden=\"true\" class=\"wp-block-spacer\"><\/div>\n\n\n\n<p class=\"has-text-align-center has-small-font-size\"><a href=\"\/de\/about\/about-us\/\" title=\"Back to 'About Us'\">ZUR\u00dcCK ZU \"\u00dcBER UNS\"<\/a><\/p>\n<\/div>\n\n\n\n<div id=\"wp-block-themeisle-blocks-advanced-column-fedc9d47\" class=\"wp-block-themeisle-blocks-advanced-column\">\n<figure class=\"wp-block-image size-large\"><img decoding=\"async\" src=\"\/wp-content\/uploads\/2024\/10\/bamboo-7714448_1280_3_4.jpg\" alt=\"\"\/><\/figure>\n<\/div>\n<\/div><\/div>","protected":false},"excerpt":{"rendered":"","protected":false},"author":2,"featured_media":0,"parent":401,"menu_order":0,"comment_status":"closed","ping_status":"closed","template":"","meta":{"give_campaign_id":0,"_themeisle_gutenberg_block_has_review":false,"footnotes":""},"class_list":["post-1704","page","type-page","status-publish","hentry"],"aioseo_notices":[],"campaignId":"","jetpack_sharing_enabled":true,"_links":{"self":[{"href":"https:\/\/vulnerablemission.org\/de\/wp-json\/wp\/v2\/pages\/1704","targetHints":{"allow":["GET"]}}],"collection":[{"href":"https:\/\/vulnerablemission.org\/de\/wp-json\/wp\/v2\/pages"}],"about":[{"href":"https:\/\/vulnerablemission.org\/de\/wp-json\/wp\/v2\/types\/page"}],"author":[{"embeddable":true,"href":"https:\/\/vulnerablemission.org\/de\/wp-json\/wp\/v2\/users\/2"}],"replies":[{"embeddable":true,"href":"https:\/\/vulnerablemission.org\/de\/wp-json\/wp\/v2\/comments?post=1704"}],"version-history":[{"count":6,"href":"https:\/\/vulnerablemission.org\/de\/wp-json\/wp\/v2\/pages\/1704\/revisions"}],"predecessor-version":[{"id":2340,"href":"https:\/\/vulnerablemission.org\/de\/wp-json\/wp\/v2\/pages\/1704\/revisions\/2340"}],"up":[{"embeddable":true,"href":"https:\/\/vulnerablemission.org\/de\/wp-json\/wp\/v2\/pages\/401"}],"wp:attachment":[{"href":"https:\/\/vulnerablemission.org\/de\/wp-json\/wp\/v2\/media?parent=1704"}],"curies":[{"name":"wp","href":"https:\/\/api.w.org\/{rel}","templated":true}]}}