{"id":1692,"date":"2024-10-26T10:14:18","date_gmt":"2024-10-26T10:14:18","guid":{"rendered":"https:\/\/avmw.ats-test.co.uk\/?page_id=1692"},"modified":"2026-03-10T10:18:01","modified_gmt":"2026-03-10T10:18:01","slug":"about-us-our-concern","status":"publish","type":"page","link":"https:\/\/vulnerablemission.org\/de\/about\/about-us\/about-us-our-concern\/","title":{"rendered":"Unser Anliegen"},"content":{"rendered":"<div id=\"wp-block-themeisle-blocks-advanced-columns-4e0d671d\" class=\"wp-block-themeisle-blocks-advanced-columns alignfull has-1-columns has-desktop-equal-layout has-tablet-equal-layout has-mobile-equal-layout has-vertical-center ticss-7241d2d3\"><div class=\"wp-block-themeisle-blocks-advanced-columns-overlay\"><\/div><div class=\"innerblocks-wrap\">\n<div id=\"wp-block-themeisle-blocks-advanced-column-d4d96d4a\" class=\"wp-block-themeisle-blocks-advanced-column\">\n<h1 id=\"wp-block-themeisle-blocks-advanced-heading-6297c131\" class=\"wp-block-themeisle-blocks-advanced-heading wp-block-themeisle-blocks-advanced-heading-6297c131\">\u00dcber uns<\/h1>\n<\/div>\n<\/div><\/div>\n\n\n\n<p><\/p>\n\n\n\n<div id=\"wp-block-themeisle-blocks-advanced-columns-35825447\" class=\"wp-block-themeisle-blocks-advanced-columns alignfull has-2-columns has-desktop-equal-layout has-tablet-equal-layout has-mobile-collapsedRows-layout has-vertical-center ticss-c00aadba\"><div class=\"wp-block-themeisle-blocks-advanced-columns-overlay\"><\/div><div class=\"innerblocks-wrap\">\n<div id=\"wp-block-themeisle-blocks-advanced-column-fedc9d47\" class=\"wp-block-themeisle-blocks-advanced-column\">\n<figure class=\"wp-block-image size-large\"><img decoding=\"async\" src=\"\/wp-content\/uploads\/2024\/10\/hydrangea-8390432_1280_square.jpg\" alt=\"\"\/><\/figure>\n<\/div>\n\n\n\n<div id=\"wp-block-themeisle-blocks-advanced-column-ed1b12ac\" class=\"wp-block-themeisle-blocks-advanced-column\">\n<h2 id=\"wp-block-themeisle-blocks-advanced-heading-8f3ca166\" class=\"wp-block-themeisle-blocks-advanced-heading wp-block-themeisle-blocks-advanced-heading-8f3ca166\">Unser Anliegen<\/h2>\n\n\n\n<p>Es schmerzt uns, wenn Christen in der Vergangenheit darin versagt haben, ein gutes Zeugnis f\u00fcr das Evangelium Jesu zu sein. Was uns aber ebenfalls bek\u00fcmmert, ist, dass Fremdbestimmung und ungesunde Abh\u00e4ngigkeiten oft bis heute andauern \u2013 in Mission, Entwicklung, Bildung, Politik, Forschung und anderen Bereichen. Globale Sprachen zwingen dazu, auf fremde Denkkategorien zur\u00fcckzugreifen. Von au\u00dfen eingebrachte materielle Ressourcen, welche die Lebensumst\u00e4nde von Menschen verbessern sollen, k\u00f6nnen ein Hindernis f\u00fcr ein tieferes interkulturelles Wissen und Verst\u00e4ndnis darstellen. Oft bleiben diese Strukturen im Verborgenen, oder die Menschen entscheiden sich aus pragmatischen Gr\u00fcnden, sie zu ignorieren. Diese Situation beeintr\u00e4chtigt die W\u00fcrde aller Beteiligten und entspricht nicht Gottes Vision f\u00fcr seine Sch\u00f6pfung. Deshalb treten wir f\u00fcr die \u00dcberwindung von dominierenden Formen der interkulturellen missionarischen Arbeit ein. Lokale Eigenst\u00e4ndigkeit ist dabei genauso Ziel wie fortdauerndes Lernen mit den und \u00fcber die Menschen, mit denen man arbeitet.<\/p>\n\n\n\n<div style=\"height:100px\" aria-hidden=\"true\" class=\"wp-block-spacer\"><\/div>\n\n\n\n<p class=\"has-text-align-center has-small-font-size\"><a href=\"\/de\/about\/about-us\/\" title=\"\u00dcber uns\">ZUR\u00dcCK ZU \"\u00dcBER UNS\"<\/a><\/p>\n<\/div>\n<\/div><\/div>","protected":false},"excerpt":{"rendered":"","protected":false},"author":2,"featured_media":0,"parent":401,"menu_order":0,"comment_status":"closed","ping_status":"closed","template":"","meta":{"give_campaign_id":0,"_themeisle_gutenberg_block_has_review":false,"footnotes":""},"class_list":["post-1692","page","type-page","status-publish","hentry"],"aioseo_notices":[],"campaignId":"","jetpack_sharing_enabled":true,"_links":{"self":[{"href":"https:\/\/vulnerablemission.org\/de\/wp-json\/wp\/v2\/pages\/1692","targetHints":{"allow":["GET"]}}],"collection":[{"href":"https:\/\/vulnerablemission.org\/de\/wp-json\/wp\/v2\/pages"}],"about":[{"href":"https:\/\/vulnerablemission.org\/de\/wp-json\/wp\/v2\/types\/page"}],"author":[{"embeddable":true,"href":"https:\/\/vulnerablemission.org\/de\/wp-json\/wp\/v2\/users\/2"}],"replies":[{"embeddable":true,"href":"https:\/\/vulnerablemission.org\/de\/wp-json\/wp\/v2\/comments?post=1692"}],"version-history":[{"count":9,"href":"https:\/\/vulnerablemission.org\/de\/wp-json\/wp\/v2\/pages\/1692\/revisions"}],"predecessor-version":[{"id":3094,"href":"https:\/\/vulnerablemission.org\/de\/wp-json\/wp\/v2\/pages\/1692\/revisions\/3094"}],"up":[{"embeddable":true,"href":"https:\/\/vulnerablemission.org\/de\/wp-json\/wp\/v2\/pages\/401"}],"wp:attachment":[{"href":"https:\/\/vulnerablemission.org\/de\/wp-json\/wp\/v2\/media?parent=1692"}],"curies":[{"name":"wp","href":"https:\/\/api.w.org\/{rel}","templated":true}]}}